{"id":272,"date":"2025-05-01T12:21:19","date_gmt":"2025-05-01T10:21:19","guid":{"rendered":"https:\/\/astonrentals.com\/new\/?page_id=272"},"modified":"2025-05-01T12:22:45","modified_gmt":"2025-05-01T10:22:45","slug":"guias-gastronomicas","status":"publish","type":"page","link":"https:\/\/astonrentals.com\/new\/consejos\/guias-gastronomicas\/","title":{"rendered":"Gu\u00edas gastron\u00f3micas"},"content":{"rendered":"<section class=\"intro-category\">\n<h1>Gu\u00edas gastron\u00f3micas de Bilbao, San Sebasti\u00e1n y la Costa Vasca<\/h1>\n<p>Viajar a Euskadi es tambi\u00e9n <strong>saborear<\/strong>. Desde los <strong>mejores pintxos<\/strong> en San Sebasti\u00e1n hasta tabernas escondidas en Bilbao o mercados con producto local en la Costa Vasca, te guiamos por los rincones gastron\u00f3micos m\u00e1s aut\u00e9nticos.<\/p>\n<p>En esta secci\u00f3n encontrar\u00e1s <strong>gu\u00edas detalladas de restaurantes, bares, mercados y rutas gastron\u00f3micas<\/strong> para que disfrutes lo mejor de nuestra cocina est\u00e9s donde est\u00e9s. Perfecto si buscas una experiencia local e inolvidable.<\/p>\n<p>  <a href=\"\/apartamentos-alojamientos\" class=\"button\">Ver apartamentos cercanos<\/a><br \/>\n<\/section>\n\n\n<div class=\"wp-block-query is-layout-flow wp-block-query-is-layout-flow\"><ul class=\"columns-3 wp-block-post-template is-layout-grid wp-container-core-post-template-is-layout-2fc57c17 wp-block-post-template-is-layout-grid\"><li class=\"wp-block-post post-244 post type-post status-publish format-standard hentry category-guias-gastronomicas tag-cultura tag-escapadas-romanticas tag-gastronomia tag-san-sebastian\">\n\n<div class=\"wp-block-group\" style=\"padding-top:30px;padding-right:30px;padding-bottom:30px;padding-left:30px\"><div class=\"wp-block-group__inner-container is-layout-flow wp-block-group-is-layout-flow\"><h2 class=\"wp-block-post-title\"><a href=\"https:\/\/astonrentals.com\/new\/mejores-pintxos-san-sebastian\/\" target=\"_self\" >Mejores bares de pintxos en San Sebasti\u00e1n<\/a><\/h2>\n\n<div class=\"wp-block-post-excerpt\"><p class=\"wp-block-post-excerpt__excerpt\">Los mejores bares de pintxos en San Sebasti\u00e1n San Sebasti\u00e1n \u2014o Donostia, como se conoce en euskera\u2014 es una de las capitales gastron\u00f3micas de Europa. Sus pintxos son mundialmente famosos, y recorrer sus bares es una experiencia imprescindible para todo viajero. Desde Aston Rentals te proponemos una ruta por algunos de los mejores bares de&hellip; <\/p><\/div>\n\n<div class=\"wp-block-post-date\"><time datetime=\"2025-05-01T11:37:44+02:00\">01\/05\/2025<\/time><\/div><\/div><\/div>\n\n<\/li><li class=\"wp-block-post post-214 post type-post status-publish format-standard hentry category-guias-gastronomicas tag-bilbao tag-cultura tag-gastronomia\">\n\n<div class=\"wp-block-group\" style=\"padding-top:30px;padding-right:30px;padding-bottom:30px;padding-left:30px\"><div class=\"wp-block-group__inner-container is-layout-flow wp-block-group-is-layout-flow\"><h2 class=\"wp-block-post-title\"><a href=\"https:\/\/astonrentals.com\/new\/mejores-restaurantes-bilbao\/\" target=\"_self\" >Los mejores restaurantes de Bilbao (por barrios)<\/a><\/h2>\n\n<div class=\"wp-block-post-excerpt\"><p class=\"wp-block-post-excerpt__excerpt\">Los mejores restaurantes de Bilbao (por barrios) Bilbao es uno de los grandes destinos gastron\u00f3micos de Europa. Desde tabernas tradicionales hasta locales de autor, cada barrio ofrece una experiencia distinta. En esta gu\u00eda te mostramos los mejores restaurantes de Bilbao, barrio por barrio. Casco Viejo: tradici\u00f3n y pintxos El Casco Viejo bilba\u00edno es un para\u00edso&hellip; <\/p><\/div>\n\n<div class=\"wp-block-post-date\"><time datetime=\"2025-05-01T10:58:25+02:00\">01\/05\/2025<\/time><\/div><\/div><\/div>\n\n<\/li><\/ul><\/div>\n","protected":false},"excerpt":{"rendered":"<p>Gu\u00edas gastron\u00f3micas de Bilbao, San Sebasti\u00e1n y la Costa Vasca Viajar a Euskadi es tambi\u00e9n saborear. Desde los mejores pintxos en San Sebasti\u00e1n hasta tabernas escondidas en Bilbao o mercados con producto local en la Costa Vasca, te guiamos por los rincones gastron\u00f3micos m\u00e1s aut\u00e9nticos. En esta secci\u00f3n encontrar\u00e1s gu\u00edas detalladas de restaurantes, bares, mercados &#8230; <a title=\"Gu\u00edas gastron\u00f3micas\" class=\"read-more\" href=\"https:\/\/astonrentals.com\/new\/consejos\/guias-gastronomicas\/\" aria-label=\"Leer m\u00e1s sobre Gu\u00edas gastron\u00f3micas\">Leer m\u00e1s<\/a><\/p>\n","protected":false},"author":1,"featured_media":0,"parent":68,"menu_order":53,"comment_status":"closed","ping_status":"closed","template":"","meta":{"footnotes":""},"class_list":["post-272","page","type-page","status-publish"],"yoast_head":"<!-- This site is optimized with the Yoast SEO plugin v25.0 - https:\/\/yoast.com\/wordpress\/plugins\/seo\/ -->\n<title>Gu\u00edas gastron\u00f3micas de Euskadi | Aston Rentals<\/title>\n<meta name=\"description\" content=\"Descubre los mejores bares de pintxos, restaurantes y mercados locales en Bilbao, San Sebasti\u00e1n y destinos gastron\u00f3micos de la Costa Vasca.\" \/>\n<meta name=\"robots\" content=\"index, follow, max-snippet:-1, max-image-preview:large, max-video-preview:-1\" \/>\n<link rel=\"canonical\" href=\"https:\/\/astonrentals.com\/new\/consejos\/guias-gastronomicas\/\" \/>\n<meta property=\"og:locale\" content=\"es_ES\" \/>\n<meta property=\"og:type\" content=\"article\" \/>\n<meta property=\"og:title\" content=\"Gu\u00edas gastron\u00f3micas de Euskadi | Aston Rentals\" \/>\n<meta property=\"og:description\" content=\"Descubre los mejores bares de pintxos, restaurantes y mercados locales en Bilbao, San Sebasti\u00e1n y destinos gastron\u00f3micos de la Costa Vasca.\" \/>\n<meta property=\"og:url\" content=\"https:\/\/astonrentals.com\/new\/consejos\/guias-gastronomicas\/\" \/>\n<meta property=\"og:site_name\" content=\"Aston Rentals\" \/>\n<meta property=\"article:modified_time\" content=\"2025-05-01T10:22:45+00:00\" \/>\n<meta name=\"twitter:card\" content=\"summary_large_image\" \/>\n<meta name=\"twitter:label1\" content=\"Tiempo de lectura\" \/>\n\t<meta name=\"twitter:data1\" content=\"1 minuto\" \/>\n<script type=\"application\/ld+json\" class=\"yoast-schema-graph\">{\"@context\":\"https:\/\/schema.org\",\"@graph\":[{\"@type\":\"WebPage\",\"@id\":\"https:\/\/astonrentals.com\/new\/consejos\/guias-gastronomicas\/\",\"url\":\"https:\/\/astonrentals.com\/new\/consejos\/guias-gastronomicas\/\",\"name\":\"Gu\u00edas gastron\u00f3micas de Euskadi | Aston Rentals\",\"isPartOf\":{\"@id\":\"https:\/\/astonrentals.com\/new\/#website\"},\"datePublished\":\"2025-05-01T10:21:19+00:00\",\"dateModified\":\"2025-05-01T10:22:45+00:00\",\"description\":\"Descubre los mejores bares de pintxos, restaurantes y mercados locales en Bilbao, San Sebasti\u00e1n y destinos gastron\u00f3micos de la Costa Vasca.\",\"breadcrumb\":{\"@id\":\"https:\/\/astonrentals.com\/new\/consejos\/guias-gastronomicas\/#breadcrumb\"},\"inLanguage\":\"es\",\"potentialAction\":[{\"@type\":\"ReadAction\",\"target\":[\"https:\/\/astonrentals.com\/new\/consejos\/guias-gastronomicas\/\"]}]},{\"@type\":\"BreadcrumbList\",\"@id\":\"https:\/\/astonrentals.com\/new\/consejos\/guias-gastronomicas\/#breadcrumb\",\"itemListElement\":[{\"@type\":\"ListItem\",\"position\":1,\"name\":\"Home\",\"item\":\"https:\/\/astonrentals.com\/new\/\"},{\"@type\":\"ListItem\",\"position\":2,\"name\":\"Consejos\",\"item\":\"https:\/\/astonrentals.com\/new\/consejos\/\"},{\"@type\":\"ListItem\",\"position\":3,\"name\":\"Gu\u00edas gastron\u00f3micas\"}]},{\"@type\":\"WebSite\",\"@id\":\"https:\/\/astonrentals.com\/new\/#website\",\"url\":\"https:\/\/astonrentals.com\/new\/\",\"name\":\"Aston Rentals\",\"description\":\"Reserva tu apartamento tur\u00edstico en Bizkaia y Gipuzkoa al mejor precio garantizado.\",\"potentialAction\":[{\"@type\":\"SearchAction\",\"target\":{\"@type\":\"EntryPoint\",\"urlTemplate\":\"https:\/\/astonrentals.com\/new\/?s={search_term_string}\"},\"query-input\":{\"@type\":\"PropertyValueSpecification\",\"valueRequired\":true,\"valueName\":\"search_term_string\"}}],\"inLanguage\":\"es\"}]}<\/script>\n<!-- \/ Yoast SEO plugin. -->","yoast_head_json":{"title":"Gu\u00edas gastron\u00f3micas de Euskadi | Aston Rentals","description":"Descubre los mejores bares de pintxos, restaurantes y mercados locales en Bilbao, San Sebasti\u00e1n y destinos gastron\u00f3micos de la Costa Vasca.","robots":{"index":"index","follow":"follow","max-snippet":"max-snippet:-1","max-image-preview":"max-image-preview:large","max-video-preview":"max-video-preview:-1"},"canonical":"https:\/\/astonrentals.com\/new\/consejos\/guias-gastronomicas\/","og_locale":"es_ES","og_type":"article","og_title":"Gu\u00edas gastron\u00f3micas de Euskadi | Aston Rentals","og_description":"Descubre los mejores bares de pintxos, restaurantes y mercados locales en Bilbao, San Sebasti\u00e1n y destinos gastron\u00f3micos de la Costa Vasca.","og_url":"https:\/\/astonrentals.com\/new\/consejos\/guias-gastronomicas\/","og_site_name":"Aston Rentals","article_modified_time":"2025-05-01T10:22:45+00:00","twitter_card":"summary_large_image","twitter_misc":{"Tiempo de lectura":"1 minuto"},"schema":{"@context":"https:\/\/schema.org","@graph":[{"@type":"WebPage","@id":"https:\/\/astonrentals.com\/new\/consejos\/guias-gastronomicas\/","url":"https:\/\/astonrentals.com\/new\/consejos\/guias-gastronomicas\/","name":"Gu\u00edas gastron\u00f3micas de Euskadi | Aston Rentals","isPartOf":{"@id":"https:\/\/astonrentals.com\/new\/#website"},"datePublished":"2025-05-01T10:21:19+00:00","dateModified":"2025-05-01T10:22:45+00:00","description":"Descubre los mejores bares de pintxos, restaurantes y mercados locales en Bilbao, San Sebasti\u00e1n y destinos gastron\u00f3micos de la Costa Vasca.","breadcrumb":{"@id":"https:\/\/astonrentals.com\/new\/consejos\/guias-gastronomicas\/#breadcrumb"},"inLanguage":"es","potentialAction":[{"@type":"ReadAction","target":["https:\/\/astonrentals.com\/new\/consejos\/guias-gastronomicas\/"]}]},{"@type":"BreadcrumbList","@id":"https:\/\/astonrentals.com\/new\/consejos\/guias-gastronomicas\/#breadcrumb","itemListElement":[{"@type":"ListItem","position":1,"name":"Home","item":"https:\/\/astonrentals.com\/new\/"},{"@type":"ListItem","position":2,"name":"Consejos","item":"https:\/\/astonrentals.com\/new\/consejos\/"},{"@type":"ListItem","position":3,"name":"Gu\u00edas gastron\u00f3micas"}]},{"@type":"WebSite","@id":"https:\/\/astonrentals.com\/new\/#website","url":"https:\/\/astonrentals.com\/new\/","name":"Aston Rentals","description":"Reserva tu apartamento tur\u00edstico en Bizkaia y Gipuzkoa al mejor precio garantizado.","potentialAction":[{"@type":"SearchAction","target":{"@type":"EntryPoint","urlTemplate":"https:\/\/astonrentals.com\/new\/?s={search_term_string}"},"query-input":{"@type":"PropertyValueSpecification","valueRequired":true,"valueName":"search_term_string"}}],"inLanguage":"es"}]}},"_links":{"self":[{"href":"https:\/\/astonrentals.com\/new\/wp-json\/wp\/v2\/pages\/272","targetHints":{"allow":["GET"]}}],"collection":[{"href":"https:\/\/astonrentals.com\/new\/wp-json\/wp\/v2\/pages"}],"about":[{"href":"https:\/\/astonrentals.com\/new\/wp-json\/wp\/v2\/types\/page"}],"author":[{"embeddable":true,"href":"https:\/\/astonrentals.com\/new\/wp-json\/wp\/v2\/users\/1"}],"replies":[{"embeddable":true,"href":"https:\/\/astonrentals.com\/new\/wp-json\/wp\/v2\/comments?post=272"}],"version-history":[{"count":2,"href":"https:\/\/astonrentals.com\/new\/wp-json\/wp\/v2\/pages\/272\/revisions"}],"predecessor-version":[{"id":274,"href":"https:\/\/astonrentals.com\/new\/wp-json\/wp\/v2\/pages\/272\/revisions\/274"}],"up":[{"embeddable":true,"href":"https:\/\/astonrentals.com\/new\/wp-json\/wp\/v2\/pages\/68"}],"wp:attachment":[{"href":"https:\/\/astonrentals.com\/new\/wp-json\/wp\/v2\/media?parent=272"}],"curies":[{"name":"wp","href":"https:\/\/api.w.org\/{rel}","templated":true}]}}