{"id":267,"date":"2025-05-01T12:14:31","date_gmt":"2025-05-01T10:14:31","guid":{"rendered":"https:\/\/astonrentals.com\/new\/?page_id=267"},"modified":"2025-05-01T12:25:04","modified_gmt":"2025-05-01T10:25:04","slug":"guias-destino","status":"publish","type":"page","link":"https:\/\/astonrentals.com\/new\/consejos\/guias-destino\/","title":{"rendered":"Gu\u00edas de destino"},"content":{"rendered":"<section class=\"intro-category\">\n<h1>Gu\u00edas de viaje por la Costa Vasca<\/h1>\n<p>\u00bfPlaneas una escapada a <strong>Bilbao<\/strong>, <strong>San Sebasti\u00e1n<\/strong>, <strong>Getxo<\/strong> o <strong>Zarautz<\/strong>? En Aston Rentals hemos preparado las <strong>mejores gu\u00edas de destino<\/strong> para que aproveches tu estancia al m\u00e1ximo. Descubre qu\u00e9 ver, d\u00f3nde comer, c\u00f3mo moverte y los mejores rincones seg\u00fan la \u00e9poca del a\u00f1o.<\/p>\n<p>Tanto si es tu primera visita como si repites experiencia, aqu\u00ed encontrar\u00e1s <strong>informaci\u00f3n pr\u00e1ctica<\/strong>, rutas recomendadas y consejos locales para disfrutar de cada lugar como si fueras de aqu\u00ed.<\/p>\n<p><a class=\"button\" href=\"\/alojamientos\">Ver apartamentos en destino<\/a><\/p>\n<\/section>\n\n\n<div class=\"wp-block-query is-layout-flow wp-block-query-is-layout-flow\"><ul class=\"columns-3 wp-block-post-template is-layout-grid wp-container-core-post-template-is-layout-2fc57c17 wp-block-post-template-is-layout-grid\"><li class=\"wp-block-post post-256 post type-post status-publish format-standard hentry category-guias-destino tag-costa-vasca tag-cultura tag-gastronomia tag-playas\">\n\n<div class=\"wp-block-group\" style=\"padding-top:30px;padding-right:30px;padding-bottom:30px;padding-left:30px\"><div class=\"wp-block-group__inner-container is-layout-flow wp-block-group-is-layout-flow\"><h2 class=\"wp-block-post-title\"><a href=\"https:\/\/astonrentals.com\/new\/razones-elegir-costa-vasca\/\" target=\"_self\" >7 razones para elegir la Costa Vasca como destino de vacaciones<\/a><\/h2>\n\n<div class=\"wp-block-post-excerpt\"><p class=\"wp-block-post-excerpt__excerpt\">7 razones para elegir la Costa Vasca como destino de vacaciones \u00bfBuscas un destino que combine naturaleza, cultura, buena comida y playas espectaculares? La Costa Vasca lo tiene todo. Aqu\u00ed te damos 7 motivos por los que deber\u00edas elegirla para tus pr\u00f3ximas vacaciones. 1. Playas para todos los gustos Desde las amplias playas de Zarautz&hellip; <\/p><\/div>\n\n<div class=\"wp-block-post-date\"><time datetime=\"2025-05-01T11:51:34+02:00\">01\/05\/2025<\/time><\/div><\/div><\/div>\n\n<\/li><li class=\"wp-block-post post-254 post type-post status-publish format-standard hentry category-guias-destino tag-cultura tag-gastronomia tag-portugalete tag-santurtzi\">\n\n<div class=\"wp-block-group\" style=\"padding-top:30px;padding-right:30px;padding-bottom:30px;padding-left:30px\"><div class=\"wp-block-group__inner-container is-layout-flow wp-block-group-is-layout-flow\"><h2 class=\"wp-block-post-title\"><a href=\"https:\/\/astonrentals.com\/new\/que-ver-portugalete-santurtzi\/\" target=\"_self\" >Qu\u00e9 ver y hacer en Portugalete y Santurtzi<\/a><\/h2>\n\n<div class=\"wp-block-post-excerpt\"><p class=\"wp-block-post-excerpt__excerpt\">Qu\u00e9 ver y hacer en Portugalete y Santurtzi Portugalete y Santurtzi son dos joyas junto a la r\u00eda de Bilbao que combinan tradici\u00f3n marinera, arquitectura hist\u00f3rica y una vida local vibrante. Si est\u00e1s planeando una escapada al Gran Bilbao, estos destinos merecen una visita. 1. Cruzar el Puente Colgante de Portugalete Este monumento Patrimonio de&hellip; <\/p><\/div>\n\n<div class=\"wp-block-post-date\"><time datetime=\"2025-05-01T11:48:58+02:00\">01\/05\/2025<\/time><\/div><\/div><\/div>\n\n<\/li><li class=\"wp-block-post post-252 post type-post status-publish format-standard hentry category-guias-destino tag-cultura tag-gastronomia tag-logrono\">\n\n<div class=\"wp-block-group\" style=\"padding-top:30px;padding-right:30px;padding-bottom:30px;padding-left:30px\"><div class=\"wp-block-group__inner-container is-layout-flow wp-block-group-is-layout-flow\"><h2 class=\"wp-block-post-title\"><a href=\"https:\/\/astonrentals.com\/new\/que-hacer-logrono\/\" target=\"_self\" >\u00bfQu\u00e9 hacer en Logro\u00f1o adem\u00e1s de visitar bodegas?<\/a><\/h2>\n\n<div class=\"wp-block-post-excerpt\"><p class=\"wp-block-post-excerpt__excerpt\">\u00bfQu\u00e9 hacer en Logro\u00f1o adem\u00e1s de visitar bodegas? Logro\u00f1o es sin\u00f3nimo de vino, pero su encanto va mucho m\u00e1s all\u00e1 de las visitas a bodegas. Si est\u00e1s planeando una escapada a La Rioja, te sorprender\u00e1n la riqueza cultural, la gastronom\u00eda y la vida local de esta ciudad vibrante. 1. Pasear por la Calle Laurel Este&hellip; <\/p><\/div>\n\n<div class=\"wp-block-post-date\"><time datetime=\"2025-05-01T11:46:46+02:00\">01\/05\/2025<\/time><\/div><\/div><\/div>\n\n<\/li><li class=\"wp-block-post post-250 post type-post status-publish format-standard hentry category-guias-destino tag-actividades-en-familia tag-bakio tag-costa-vasca tag-cultura\">\n\n<div class=\"wp-block-group\" style=\"padding-top:30px;padding-right:30px;padding-bottom:30px;padding-left:30px\"><div class=\"wp-block-group__inner-container is-layout-flow wp-block-group-is-layout-flow\"><h2 class=\"wp-block-post-title\"><a href=\"https:\/\/astonrentals.com\/new\/visitar-san-juan-gaztelugatxe\/\" target=\"_self\" >La gu\u00eda definitiva para visitar San Juan de Gaztelugatxe<\/a><\/h2>\n\n<div class=\"wp-block-post-excerpt\"><p class=\"wp-block-post-excerpt__excerpt\">La gu\u00eda definitiva para visitar San Juan de Gaztelugatxe San Juan de Gaztelugatxe es uno de los destinos m\u00e1s espectaculares de la Costa Vasca. Esta ermita enclavada en un islote rocoso unido a tierra por un estrecho puente de piedra y 241 escalones se ha convertido en visita obligada para quienes exploran Euskadi. \u00bfD\u00f3nde est\u00e1&hellip; <\/p><\/div>\n\n<div class=\"wp-block-post-date\"><time datetime=\"2025-05-01T11:44:44+02:00\">01\/05\/2025<\/time><\/div><\/div><\/div>\n\n<\/li><li class=\"wp-block-post post-248 post type-post status-publish format-standard hentry category-guias-destino tag-cultura tag-gastronomia tag-getxo tag-playas\">\n\n<div class=\"wp-block-group\" style=\"padding-top:30px;padding-right:30px;padding-bottom:30px;padding-left:30px\"><div class=\"wp-block-group__inner-container is-layout-flow wp-block-group-is-layout-flow\"><h2 class=\"wp-block-post-title\"><a href=\"https:\/\/astonrentals.com\/new\/razones-visitar-getxo\/\" target=\"_self\" >5 razones para visitar Getxo todo el a\u00f1o<\/a><\/h2>\n\n<div class=\"wp-block-post-excerpt\"><p class=\"wp-block-post-excerpt__excerpt\">5 razones para visitar Getxo todo el a\u00f1o Getxo no es solo un destino de verano. Este municipio costero cercano a Bilbao ofrece planes, cultura y paisajes durante los 12 meses del a\u00f1o. Si a\u00fan te preguntas por qu\u00e9 incluir Getxo en tu pr\u00f3xima escapada, aqu\u00ed tienes cinco razones para hacerlo sin importar la estaci\u00f3n.&hellip; <\/p><\/div>\n\n<div class=\"wp-block-post-date\"><time datetime=\"2025-05-01T11:42:26+02:00\">01\/05\/2025<\/time><\/div><\/div><\/div>\n\n<\/li><li class=\"wp-block-post post-246 post type-post status-publish format-standard hentry category-experiencias-locales tag-actividades-en-familia tag-bilbao tag-escapadas-romanticas\">\n\n<div class=\"wp-block-group\" style=\"padding-top:30px;padding-right:30px;padding-bottom:30px;padding-left:30px\"><div class=\"wp-block-group__inner-container is-layout-flow wp-block-group-is-layout-flow\"><h2 class=\"wp-block-post-title\"><a href=\"https:\/\/astonrentals.com\/new\/rutas-senderismo-bilbao\/\" target=\"_self\" >Rutas de senderismo cerca de Bilbao<\/a><\/h2>\n\n<div class=\"wp-block-post-excerpt\"><p class=\"wp-block-post-excerpt__excerpt\">Rutas de senderismo cerca de Bilbao Bilbao no es solo arte, gastronom\u00eda y arquitectura. A pocos kil\u00f3metros del centro urbano encontrar\u00e1s una naturaleza sorprendente, con monta\u00f1as, acantilados y bosques perfectos para caminar. Estas rutas de senderismo cerca de Bilbao son ideales para desconectar y descubrir el lado m\u00e1s verde de Euskadi. 1. Pagasarri La m\u00e1s&hellip; <\/p><\/div>\n\n<div class=\"wp-block-post-date\"><time datetime=\"2025-05-01T11:40:16+02:00\">01\/05\/2025<\/time><\/div><\/div><\/div>\n\n<\/li><li class=\"wp-block-post post-228 post type-post status-publish format-standard hentry category-experiencias-locales tag-costa-vasca tag-cultura tag-gastronomia tag-playas\">\n\n<div class=\"wp-block-group\" style=\"padding-top:30px;padding-right:30px;padding-bottom:30px;padding-left:30px\"><div class=\"wp-block-group__inner-container is-layout-flow wp-block-group-is-layout-flow\"><h2 class=\"wp-block-post-title\"><a href=\"https:\/\/astonrentals.com\/new\/experiencias-costa-vasca\/\" target=\"_self\" >5 experiencias aut\u00e9nticas que solo vivir\u00e1s en la Costa Vasca<\/a><\/h2>\n\n<div class=\"wp-block-post-excerpt\"><p class=\"wp-block-post-excerpt__excerpt\">5 experiencias aut\u00e9nticas que solo vivir\u00e1s en la Costa Vasca La Costa Vasca es mucho m\u00e1s que playas bonitas. Es una fusi\u00f3n de cultura, tradici\u00f3n, naturaleza y gastronom\u00eda que ofrece experiencias irrepetibles. Aqu\u00ed te dejamos cinco que no deber\u00edas perderte si visitas Euskadi. 1. Navegar frente a los acantilados de Getxo y Sopelana Descubre la&hellip; <\/p><\/div>\n\n<div class=\"wp-block-post-date\"><time datetime=\"2025-05-01T11:12:11+02:00\">01\/05\/2025<\/time><\/div><\/div><\/div>\n\n<\/li><li class=\"wp-block-post post-222 post type-post status-publish format-standard hentry category-experiencias-locales tag-bilbao tag-costa-vasca tag-cultura tag-san-sebastian\">\n\n<div class=\"wp-block-group\" style=\"padding-top:30px;padding-right:30px;padding-bottom:30px;padding-left:30px\"><div class=\"wp-block-group__inner-container is-layout-flow wp-block-group-is-layout-flow\"><h2 class=\"wp-block-post-title\"><a href=\"https:\/\/astonrentals.com\/new\/tradiciones-vascas\/\" target=\"_self\" >Tradiciones vascas que debes conocer<\/a><\/h2>\n\n<div class=\"wp-block-post-excerpt\"><p class=\"wp-block-post-excerpt__excerpt\">Tradiciones vascas que debes conocer El Pa\u00eds Vasco es una tierra con identidad fuerte y tradiciones que reflejan su historia, su orgullo y su v\u00ednculo con la tierra y el mar. Si visitas Bilbao, San Sebasti\u00e1n o la Costa Vasca, sum\u00e9rgete en estas costumbres para vivir una experiencia m\u00e1s aut\u00e9ntica. 1. Herri Kirolak: deportes rurales&hellip; <\/p><\/div>\n\n<div class=\"wp-block-post-date\"><time datetime=\"2025-05-01T11:06:13+02:00\">01\/05\/2025<\/time><\/div><\/div><\/div>\n\n<\/li><li class=\"wp-block-post post-216 post type-post status-publish format-standard hentry category-experiencias-locales tag-actividades-en-familia tag-bilbao tag-cultura\">\n\n<div class=\"wp-block-group\" style=\"padding-top:30px;padding-right:30px;padding-bottom:30px;padding-left:30px\"><div class=\"wp-block-group__inner-container is-layout-flow wp-block-group-is-layout-flow\"><h2 class=\"wp-block-post-title\"><a href=\"https:\/\/astonrentals.com\/new\/bilbao-con-ninos\/\" target=\"_self\" >Bilbao con ni\u00f1os: actividades y planes familiares<\/a><\/h2>\n\n<div class=\"wp-block-post-excerpt\"><p class=\"wp-block-post-excerpt__excerpt\">Bilbao con ni\u00f1os: actividades y planes familiares \u00bfPlaneas viajar a Bilbao con ni\u00f1os? La ciudad es perfecta para familias: segura, accesible, y llena de planes educativos y divertidos. Aqu\u00ed te dejamos las mejores actividades para disfrutar con los m\u00e1s peque\u00f1os. 1. Museo Mar\u00edtimo R\u00eda de Bilbao Un espacio interactivo que encanta a los ni\u00f1os: maquetas,&hellip; <\/p><\/div>\n\n<div class=\"wp-block-post-date\"><time datetime=\"2025-05-01T11:00:16+02:00\">01\/05\/2025<\/time><\/div><\/div><\/div>\n\n<\/li><li class=\"wp-block-post post-212 post type-post status-publish format-standard hentry category-guias-destino tag-gastronomia tag-playas tag-surf-y-deportes-acuaticos tag-zarautz\">\n\n<div class=\"wp-block-group\" style=\"padding-top:30px;padding-right:30px;padding-bottom:30px;padding-left:30px\"><div class=\"wp-block-group__inner-container is-layout-flow wp-block-group-is-layout-flow\"><h2 class=\"wp-block-post-title\"><a href=\"https:\/\/astonrentals.com\/new\/que-hacer-zarautz\/\" target=\"_self\" >Qu\u00e9 hacer en Zarautz: surf, playa y m\u00e1s<\/a><\/h2>\n\n<div class=\"wp-block-post-excerpt\"><p class=\"wp-block-post-excerpt__excerpt\">Qu\u00e9 hacer en Zarautz: surf, playa y m\u00e1s Zarautz es mucho m\u00e1s que una playa espectacular. Este encantador pueblo costero en Gipuzkoa combina olas perfectas, gastronom\u00eda de alto nivel y paisajes que enamoran. Aqu\u00ed te contamos qu\u00e9 ver y hacer en Zarautz si planeas una escapada inolvidable. 1. Surf en una de las mejores playas&hellip; <\/p><\/div>\n\n<div class=\"wp-block-post-date\"><time datetime=\"2025-05-01T10:56:04+02:00\">01\/05\/2025<\/time><\/div><\/div><\/div>\n\n<\/li><\/ul><\/div>\n","protected":false},"excerpt":{"rendered":"<p>Gu\u00edas de viaje por la Costa Vasca \u00bfPlaneas una escapada a Bilbao, San Sebasti\u00e1n, Getxo o Zarautz? En Aston Rentals hemos preparado las mejores gu\u00edas de destino para que aproveches tu estancia al m\u00e1ximo. Descubre qu\u00e9 ver, d\u00f3nde comer, c\u00f3mo moverte y los mejores rincones seg\u00fan la \u00e9poca del a\u00f1o. Tanto si es tu primera &#8230; <a title=\"Gu\u00edas de destino\" class=\"read-more\" href=\"https:\/\/astonrentals.com\/new\/consejos\/guias-destino\/\" aria-label=\"Leer m\u00e1s sobre Gu\u00edas de destino\">Leer m\u00e1s<\/a><\/p>\n","protected":false},"author":1,"featured_media":0,"parent":68,"menu_order":52,"comment_status":"closed","ping_status":"closed","template":"","meta":{"footnotes":""},"class_list":["post-267","page","type-page","status-publish"],"yoast_head":"<!-- This site is optimized with the Yoast SEO plugin v25.0 - https:\/\/yoast.com\/wordpress\/plugins\/seo\/ -->\n<title>Gu\u00edas de viaje por la Costa Vasca | Aston Rentals<\/title>\n<meta name=\"description\" content=\"Explora las mejores gu\u00edas de viaje de Bilbao, San Sebasti\u00e1n, Getxo y destinos de la Costa Vasca. Planifica tu estancia con Aston Rentals.\" \/>\n<meta name=\"robots\" content=\"index, follow, max-snippet:-1, max-image-preview:large, max-video-preview:-1\" \/>\n<link rel=\"canonical\" href=\"https:\/\/astonrentals.com\/new\/consejos\/guias-destino\/\" \/>\n<meta property=\"og:locale\" content=\"es_ES\" \/>\n<meta property=\"og:type\" content=\"article\" \/>\n<meta property=\"og:title\" content=\"Gu\u00edas de viaje por la Costa Vasca | Aston Rentals\" \/>\n<meta property=\"og:description\" content=\"Explora las mejores gu\u00edas de viaje de Bilbao, San Sebasti\u00e1n, Getxo y destinos de la Costa Vasca. Planifica tu estancia con Aston Rentals.\" \/>\n<meta property=\"og:url\" content=\"https:\/\/astonrentals.com\/new\/consejos\/guias-destino\/\" \/>\n<meta property=\"og:site_name\" content=\"Aston Rentals\" \/>\n<meta property=\"article:modified_time\" content=\"2025-05-01T10:25:04+00:00\" \/>\n<meta name=\"twitter:card\" content=\"summary_large_image\" \/>\n<meta name=\"twitter:label1\" content=\"Tiempo de lectura\" \/>\n\t<meta name=\"twitter:data1\" content=\"1 minuto\" \/>\n<script type=\"application\/ld+json\" class=\"yoast-schema-graph\">{\"@context\":\"https:\/\/schema.org\",\"@graph\":[{\"@type\":\"WebPage\",\"@id\":\"https:\/\/astonrentals.com\/new\/consejos\/guias-destino\/\",\"url\":\"https:\/\/astonrentals.com\/new\/consejos\/guias-destino\/\",\"name\":\"Gu\u00edas de viaje por la Costa Vasca | Aston Rentals\",\"isPartOf\":{\"@id\":\"https:\/\/astonrentals.com\/new\/#website\"},\"datePublished\":\"2025-05-01T10:14:31+00:00\",\"dateModified\":\"2025-05-01T10:25:04+00:00\",\"description\":\"Explora las mejores gu\u00edas de viaje de Bilbao, San Sebasti\u00e1n, Getxo y destinos de la Costa Vasca. Planifica tu estancia con Aston Rentals.\",\"breadcrumb\":{\"@id\":\"https:\/\/astonrentals.com\/new\/consejos\/guias-destino\/#breadcrumb\"},\"inLanguage\":\"es\",\"potentialAction\":[{\"@type\":\"ReadAction\",\"target\":[\"https:\/\/astonrentals.com\/new\/consejos\/guias-destino\/\"]}]},{\"@type\":\"BreadcrumbList\",\"@id\":\"https:\/\/astonrentals.com\/new\/consejos\/guias-destino\/#breadcrumb\",\"itemListElement\":[{\"@type\":\"ListItem\",\"position\":1,\"name\":\"Home\",\"item\":\"https:\/\/astonrentals.com\/new\/\"},{\"@type\":\"ListItem\",\"position\":2,\"name\":\"Consejos\",\"item\":\"https:\/\/astonrentals.com\/new\/consejos\/\"},{\"@type\":\"ListItem\",\"position\":3,\"name\":\"Gu\u00edas de destino\"}]},{\"@type\":\"WebSite\",\"@id\":\"https:\/\/astonrentals.com\/new\/#website\",\"url\":\"https:\/\/astonrentals.com\/new\/\",\"name\":\"Aston Rentals\",\"description\":\"Reserva tu apartamento tur\u00edstico en Bizkaia y Gipuzkoa al mejor precio garantizado.\",\"potentialAction\":[{\"@type\":\"SearchAction\",\"target\":{\"@type\":\"EntryPoint\",\"urlTemplate\":\"https:\/\/astonrentals.com\/new\/?s={search_term_string}\"},\"query-input\":{\"@type\":\"PropertyValueSpecification\",\"valueRequired\":true,\"valueName\":\"search_term_string\"}}],\"inLanguage\":\"es\"}]}<\/script>\n<!-- \/ Yoast SEO plugin. -->","yoast_head_json":{"title":"Gu\u00edas de viaje por la Costa Vasca | Aston Rentals","description":"Explora las mejores gu\u00edas de viaje de Bilbao, San Sebasti\u00e1n, Getxo y destinos de la Costa Vasca. Planifica tu estancia con Aston Rentals.","robots":{"index":"index","follow":"follow","max-snippet":"max-snippet:-1","max-image-preview":"max-image-preview:large","max-video-preview":"max-video-preview:-1"},"canonical":"https:\/\/astonrentals.com\/new\/consejos\/guias-destino\/","og_locale":"es_ES","og_type":"article","og_title":"Gu\u00edas de viaje por la Costa Vasca | Aston Rentals","og_description":"Explora las mejores gu\u00edas de viaje de Bilbao, San Sebasti\u00e1n, Getxo y destinos de la Costa Vasca. Planifica tu estancia con Aston Rentals.","og_url":"https:\/\/astonrentals.com\/new\/consejos\/guias-destino\/","og_site_name":"Aston Rentals","article_modified_time":"2025-05-01T10:25:04+00:00","twitter_card":"summary_large_image","twitter_misc":{"Tiempo de lectura":"1 minuto"},"schema":{"@context":"https:\/\/schema.org","@graph":[{"@type":"WebPage","@id":"https:\/\/astonrentals.com\/new\/consejos\/guias-destino\/","url":"https:\/\/astonrentals.com\/new\/consejos\/guias-destino\/","name":"Gu\u00edas de viaje por la Costa Vasca | Aston Rentals","isPartOf":{"@id":"https:\/\/astonrentals.com\/new\/#website"},"datePublished":"2025-05-01T10:14:31+00:00","dateModified":"2025-05-01T10:25:04+00:00","description":"Explora las mejores gu\u00edas de viaje de Bilbao, San Sebasti\u00e1n, Getxo y destinos de la Costa Vasca. Planifica tu estancia con Aston Rentals.","breadcrumb":{"@id":"https:\/\/astonrentals.com\/new\/consejos\/guias-destino\/#breadcrumb"},"inLanguage":"es","potentialAction":[{"@type":"ReadAction","target":["https:\/\/astonrentals.com\/new\/consejos\/guias-destino\/"]}]},{"@type":"BreadcrumbList","@id":"https:\/\/astonrentals.com\/new\/consejos\/guias-destino\/#breadcrumb","itemListElement":[{"@type":"ListItem","position":1,"name":"Home","item":"https:\/\/astonrentals.com\/new\/"},{"@type":"ListItem","position":2,"name":"Consejos","item":"https:\/\/astonrentals.com\/new\/consejos\/"},{"@type":"ListItem","position":3,"name":"Gu\u00edas de destino"}]},{"@type":"WebSite","@id":"https:\/\/astonrentals.com\/new\/#website","url":"https:\/\/astonrentals.com\/new\/","name":"Aston Rentals","description":"Reserva tu apartamento tur\u00edstico en Bizkaia y Gipuzkoa al mejor precio garantizado.","potentialAction":[{"@type":"SearchAction","target":{"@type":"EntryPoint","urlTemplate":"https:\/\/astonrentals.com\/new\/?s={search_term_string}"},"query-input":{"@type":"PropertyValueSpecification","valueRequired":true,"valueName":"search_term_string"}}],"inLanguage":"es"}]}},"_links":{"self":[{"href":"https:\/\/astonrentals.com\/new\/wp-json\/wp\/v2\/pages\/267","targetHints":{"allow":["GET"]}}],"collection":[{"href":"https:\/\/astonrentals.com\/new\/wp-json\/wp\/v2\/pages"}],"about":[{"href":"https:\/\/astonrentals.com\/new\/wp-json\/wp\/v2\/types\/page"}],"author":[{"embeddable":true,"href":"https:\/\/astonrentals.com\/new\/wp-json\/wp\/v2\/users\/1"}],"replies":[{"embeddable":true,"href":"https:\/\/astonrentals.com\/new\/wp-json\/wp\/v2\/comments?post=267"}],"version-history":[{"count":3,"href":"https:\/\/astonrentals.com\/new\/wp-json\/wp\/v2\/pages\/267\/revisions"}],"predecessor-version":[{"id":276,"href":"https:\/\/astonrentals.com\/new\/wp-json\/wp\/v2\/pages\/267\/revisions\/276"}],"up":[{"embeddable":true,"href":"https:\/\/astonrentals.com\/new\/wp-json\/wp\/v2\/pages\/68"}],"wp:attachment":[{"href":"https:\/\/astonrentals.com\/new\/wp-json\/wp\/v2\/media?parent=267"}],"curies":[{"name":"wp","href":"https:\/\/api.w.org\/{rel}","templated":true}]}}