{"id":262,"date":"2025-05-01T12:02:07","date_gmt":"2025-05-01T10:02:07","guid":{"rendered":"https:\/\/astonrentals.com\/new\/?page_id=262"},"modified":"2025-05-01T12:22:18","modified_gmt":"2025-05-01T10:22:18","slug":"consejos-viaje","status":"publish","type":"page","link":"https:\/\/astonrentals.com\/new\/consejos\/consejos-viaje\/","title":{"rendered":"Consejos de viaje"},"content":{"rendered":"<h1>Consejos de viaje por Euskadi<\/h1>\n<p>Planificar un viaje a Euskadi es m\u00e1s f\u00e1cil con nuestras recomendaciones. En esta secci\u00f3n encontrar\u00e1s todo lo que necesitas para disfrutar de Bilbao, San Sebasti\u00e1n, Zarautz, Getxo y m\u00e1s destinos de la Costa Vasca.<\/p>\n<p><span style=\"font-size: inherit;\">Todos los art\u00edculos est\u00e1n escritos por nuestro equipo local y pensados para ayudarte a vivir una experiencia aut\u00e9ntica con <\/span><a style=\"font-size: inherit;\" href=\"\/\">Aston Rentals<\/a><span style=\"font-size: inherit;\">.<\/span><\/p>\n\n\n<div class=\"wp-block-query is-layout-flow wp-block-query-is-layout-flow\"><ul class=\"columns-2 wp-block-post-template is-layout-grid wp-container-core-post-template-is-layout-17361a50 wp-block-post-template-is-layout-grid\"><li class=\"wp-block-post post-242 post type-post status-publish format-standard hentry category-consejos-viaje tag-actividades-en-familia tag-bilbao tag-cultura tag-gastronomia\">\n\n<div class=\"wp-block-group\" style=\"padding-top:30px;padding-right:30px;padding-bottom:30px;padding-left:30px\"><div class=\"wp-block-group__inner-container is-layout-flow wp-block-group-is-layout-flow\"><h2 class=\"wp-block-post-title\"><a href=\"https:\/\/astonrentals.com\/new\/que-hacer-bilbao-lluvia\/\" target=\"_self\" >Qu\u00e9 hacer en Bilbao cuando llueve<\/a><\/h2>\n\n<div class=\"wp-block-post-excerpt\"><p class=\"wp-block-post-excerpt__excerpt\">Qu\u00e9 hacer en Bilbao cuando llueve \u00bfTe ha sorprendido la lluvia en tu escapada a Bilbao? No te preocupes: la ciudad ofrece muchas actividades bajo techo para que disfrutes al m\u00e1ximo, incluso cuando el tiempo no acompa\u00f1a. 1. Visitar museos y centros culturales El Museo Guggenheim es un icono imprescindible, pero tambi\u00e9n puedes explorar el&hellip; <\/p><\/div>\n\n<div class=\"wp-block-post-date\"><time datetime=\"2025-05-01T11:35:18+02:00\">01\/05\/2025<\/time><\/div><\/div><\/div>\n\n<\/li><li class=\"wp-block-post post-204 post type-post status-publish format-standard hentry category-consejos-viaje category-experiencias-locales tag-cultura tag-getxo tag-playas\">\n\n<div class=\"wp-block-group\" style=\"padding-top:30px;padding-right:30px;padding-bottom:30px;padding-left:30px\"><div class=\"wp-block-group__inner-container is-layout-flow wp-block-group-is-layout-flow\"><h2 class=\"wp-block-post-title\"><a href=\"https:\/\/astonrentals.com\/new\/planes-imperdibles-getxo\/\" target=\"_self\" >10 planes imperdibles en Getxo<\/a><\/h2>\n\n<div class=\"wp-block-post-excerpt\"><p class=\"wp-block-post-excerpt__excerpt\">10 planes imperdibles en Getxo Getxo combina costa, cultura y gastronom\u00eda en un entorno privilegiado junto a Bilbao. Descubre los mejores planes para disfrutarlo al m\u00e1ximo. 1. Pasea por el Puerto Viejo de Algorta Un rinc\u00f3n con encanto de casitas blancas, bares tradicionales y vistas al mar. Ideal para tomar unos pintxos al atardecer y&hellip; <\/p><\/div>\n\n<div class=\"wp-block-post-date\"><time datetime=\"2025-05-01T10:40:37+02:00\">01\/05\/2025<\/time><\/div><\/div><\/div>\n\n<\/li><li class=\"wp-block-post post-1 post type-post status-publish format-standard hentry category-consejos-viaje category-experiencias-locales tag-bilbao tag-cultura tag-guia-de-viaje\">\n\n<div class=\"wp-block-group\" style=\"padding-top:30px;padding-right:30px;padding-bottom:30px;padding-left:30px\"><div class=\"wp-block-group__inner-container is-layout-flow wp-block-group-is-layout-flow\"><h2 class=\"wp-block-post-title\"><a href=\"https:\/\/astonrentals.com\/new\/consejos-primer-viaje-bilbao\/\" target=\"_self\" >10 consejos para tu primer viaje a Bilbao<\/a><\/h2>\n\n<div class=\"wp-block-post-excerpt\"><p class=\"wp-block-post-excerpt__excerpt\">10 consejos para tu primer viaje a Bilbao Prep\u00e1rate para descubrir una de las ciudades m\u00e1s vibrantes del norte de Espa\u00f1a con estos consejos esenciales que har\u00e1n que tu primera visita a Bilbao sea inolvidable. 1. Hosp\u00e9date en el centro para moverte f\u00e1cilmente Bilbao es una ciudad compacta y muy caminable. Alojarte en zonas como&hellip; <\/p><\/div>\n\n<div class=\"wp-block-post-date\"><time datetime=\"2025-04-27T07:50:19+02:00\">27\/04\/2025<\/time><\/div><\/div><\/div>\n\n<\/li><\/ul><\/div>\n","protected":false},"excerpt":{"rendered":"<p>Consejos de viaje por Euskadi Planificar un viaje a Euskadi es m\u00e1s f\u00e1cil con nuestras recomendaciones. En esta secci\u00f3n encontrar\u00e1s todo lo que necesitas para disfrutar de Bilbao, San Sebasti\u00e1n, Zarautz, Getxo y m\u00e1s destinos de la Costa Vasca. Todos los art\u00edculos est\u00e1n escritos por nuestro equipo local y pensados para ayudarte a vivir una &#8230; <a title=\"Consejos de viaje\" class=\"read-more\" href=\"https:\/\/astonrentals.com\/new\/consejos\/consejos-viaje\/\" aria-label=\"Leer m\u00e1s sobre Consejos de viaje\">Leer m\u00e1s<\/a><\/p>\n","protected":false},"author":1,"featured_media":0,"parent":68,"menu_order":51,"comment_status":"closed","ping_status":"closed","template":"","meta":{"footnotes":""},"class_list":["post-262","page","type-page","status-publish"],"yoast_head":"<!-- This site is optimized with the Yoast SEO plugin v25.0 - https:\/\/yoast.com\/wordpress\/plugins\/seo\/ -->\n<title>Consejos de viaje por Euskadi | Aston Rentals<\/title>\n<meta name=\"description\" content=\"Encuentra recomendaciones pr\u00e1cticas para tu viaje a Bilbao, San Sebasti\u00e1n y la Costa Vasca. Consejos de transporte, gastronom\u00eda y actividades.\" \/>\n<meta name=\"robots\" content=\"index, follow, max-snippet:-1, max-image-preview:large, max-video-preview:-1\" \/>\n<link rel=\"canonical\" href=\"https:\/\/astonrentals.com\/new\/consejos\/consejos-viaje\/\" \/>\n<meta property=\"og:locale\" content=\"es_ES\" \/>\n<meta property=\"og:type\" content=\"article\" \/>\n<meta property=\"og:title\" content=\"Consejos de viaje por Euskadi | Aston Rentals\" \/>\n<meta property=\"og:description\" content=\"Encuentra recomendaciones pr\u00e1cticas para tu viaje a Bilbao, San Sebasti\u00e1n y la Costa Vasca. Consejos de transporte, gastronom\u00eda y actividades.\" \/>\n<meta property=\"og:url\" content=\"https:\/\/astonrentals.com\/new\/consejos\/consejos-viaje\/\" \/>\n<meta property=\"og:site_name\" content=\"Aston Rentals\" \/>\n<meta property=\"article:modified_time\" content=\"2025-05-01T10:22:18+00:00\" \/>\n<meta name=\"twitter:card\" content=\"summary_large_image\" \/>\n<meta name=\"twitter:label1\" content=\"Tiempo de lectura\" \/>\n\t<meta name=\"twitter:data1\" content=\"1 minuto\" \/>\n<script type=\"application\/ld+json\" class=\"yoast-schema-graph\">{\"@context\":\"https:\/\/schema.org\",\"@graph\":[{\"@type\":\"WebPage\",\"@id\":\"https:\/\/astonrentals.com\/new\/consejos\/consejos-viaje\/\",\"url\":\"https:\/\/astonrentals.com\/new\/consejos\/consejos-viaje\/\",\"name\":\"Consejos de viaje por Euskadi | Aston Rentals\",\"isPartOf\":{\"@id\":\"https:\/\/astonrentals.com\/new\/#website\"},\"datePublished\":\"2025-05-01T10:02:07+00:00\",\"dateModified\":\"2025-05-01T10:22:18+00:00\",\"description\":\"Encuentra recomendaciones pr\u00e1cticas para tu viaje a Bilbao, San Sebasti\u00e1n y la Costa Vasca. Consejos de transporte, gastronom\u00eda y actividades.\",\"breadcrumb\":{\"@id\":\"https:\/\/astonrentals.com\/new\/consejos\/consejos-viaje\/#breadcrumb\"},\"inLanguage\":\"es\",\"potentialAction\":[{\"@type\":\"ReadAction\",\"target\":[\"https:\/\/astonrentals.com\/new\/consejos\/consejos-viaje\/\"]}]},{\"@type\":\"BreadcrumbList\",\"@id\":\"https:\/\/astonrentals.com\/new\/consejos\/consejos-viaje\/#breadcrumb\",\"itemListElement\":[{\"@type\":\"ListItem\",\"position\":1,\"name\":\"Home\",\"item\":\"https:\/\/astonrentals.com\/new\/\"},{\"@type\":\"ListItem\",\"position\":2,\"name\":\"Consejos\",\"item\":\"https:\/\/astonrentals.com\/new\/consejos\/\"},{\"@type\":\"ListItem\",\"position\":3,\"name\":\"Consejos de viaje\"}]},{\"@type\":\"WebSite\",\"@id\":\"https:\/\/astonrentals.com\/new\/#website\",\"url\":\"https:\/\/astonrentals.com\/new\/\",\"name\":\"Aston Rentals\",\"description\":\"Reserva tu apartamento tur\u00edstico en Bizkaia y Gipuzkoa al mejor precio garantizado.\",\"potentialAction\":[{\"@type\":\"SearchAction\",\"target\":{\"@type\":\"EntryPoint\",\"urlTemplate\":\"https:\/\/astonrentals.com\/new\/?s={search_term_string}\"},\"query-input\":{\"@type\":\"PropertyValueSpecification\",\"valueRequired\":true,\"valueName\":\"search_term_string\"}}],\"inLanguage\":\"es\"}]}<\/script>\n<!-- \/ Yoast SEO plugin. -->","yoast_head_json":{"title":"Consejos de viaje por Euskadi | Aston Rentals","description":"Encuentra recomendaciones pr\u00e1cticas para tu viaje a Bilbao, San Sebasti\u00e1n y la Costa Vasca. Consejos de transporte, gastronom\u00eda y actividades.","robots":{"index":"index","follow":"follow","max-snippet":"max-snippet:-1","max-image-preview":"max-image-preview:large","max-video-preview":"max-video-preview:-1"},"canonical":"https:\/\/astonrentals.com\/new\/consejos\/consejos-viaje\/","og_locale":"es_ES","og_type":"article","og_title":"Consejos de viaje por Euskadi | Aston Rentals","og_description":"Encuentra recomendaciones pr\u00e1cticas para tu viaje a Bilbao, San Sebasti\u00e1n y la Costa Vasca. Consejos de transporte, gastronom\u00eda y actividades.","og_url":"https:\/\/astonrentals.com\/new\/consejos\/consejos-viaje\/","og_site_name":"Aston Rentals","article_modified_time":"2025-05-01T10:22:18+00:00","twitter_card":"summary_large_image","twitter_misc":{"Tiempo de lectura":"1 minuto"},"schema":{"@context":"https:\/\/schema.org","@graph":[{"@type":"WebPage","@id":"https:\/\/astonrentals.com\/new\/consejos\/consejos-viaje\/","url":"https:\/\/astonrentals.com\/new\/consejos\/consejos-viaje\/","name":"Consejos de viaje por Euskadi | Aston Rentals","isPartOf":{"@id":"https:\/\/astonrentals.com\/new\/#website"},"datePublished":"2025-05-01T10:02:07+00:00","dateModified":"2025-05-01T10:22:18+00:00","description":"Encuentra recomendaciones pr\u00e1cticas para tu viaje a Bilbao, San Sebasti\u00e1n y la Costa Vasca. Consejos de transporte, gastronom\u00eda y actividades.","breadcrumb":{"@id":"https:\/\/astonrentals.com\/new\/consejos\/consejos-viaje\/#breadcrumb"},"inLanguage":"es","potentialAction":[{"@type":"ReadAction","target":["https:\/\/astonrentals.com\/new\/consejos\/consejos-viaje\/"]}]},{"@type":"BreadcrumbList","@id":"https:\/\/astonrentals.com\/new\/consejos\/consejos-viaje\/#breadcrumb","itemListElement":[{"@type":"ListItem","position":1,"name":"Home","item":"https:\/\/astonrentals.com\/new\/"},{"@type":"ListItem","position":2,"name":"Consejos","item":"https:\/\/astonrentals.com\/new\/consejos\/"},{"@type":"ListItem","position":3,"name":"Consejos de viaje"}]},{"@type":"WebSite","@id":"https:\/\/astonrentals.com\/new\/#website","url":"https:\/\/astonrentals.com\/new\/","name":"Aston Rentals","description":"Reserva tu apartamento tur\u00edstico en Bizkaia y Gipuzkoa al mejor precio garantizado.","potentialAction":[{"@type":"SearchAction","target":{"@type":"EntryPoint","urlTemplate":"https:\/\/astonrentals.com\/new\/?s={search_term_string}"},"query-input":{"@type":"PropertyValueSpecification","valueRequired":true,"valueName":"search_term_string"}}],"inLanguage":"es"}]}},"_links":{"self":[{"href":"https:\/\/astonrentals.com\/new\/wp-json\/wp\/v2\/pages\/262","targetHints":{"allow":["GET"]}}],"collection":[{"href":"https:\/\/astonrentals.com\/new\/wp-json\/wp\/v2\/pages"}],"about":[{"href":"https:\/\/astonrentals.com\/new\/wp-json\/wp\/v2\/types\/page"}],"author":[{"embeddable":true,"href":"https:\/\/astonrentals.com\/new\/wp-json\/wp\/v2\/users\/1"}],"replies":[{"embeddable":true,"href":"https:\/\/astonrentals.com\/new\/wp-json\/wp\/v2\/comments?post=262"}],"version-history":[{"count":4,"href":"https:\/\/astonrentals.com\/new\/wp-json\/wp\/v2\/pages\/262\/revisions"}],"predecessor-version":[{"id":275,"href":"https:\/\/astonrentals.com\/new\/wp-json\/wp\/v2\/pages\/262\/revisions\/275"}],"up":[{"embeddable":true,"href":"https:\/\/astonrentals.com\/new\/wp-json\/wp\/v2\/pages\/68"}],"wp:attachment":[{"href":"https:\/\/astonrentals.com\/new\/wp-json\/wp\/v2\/media?parent=262"}],"curies":[{"name":"wp","href":"https:\/\/api.w.org\/{rel}","templated":true}]}}