{"id":161,"date":"2025-04-28T09:23:09","date_gmt":"2025-04-28T07:23:09","guid":{"rendered":"https:\/\/astonrentals.com\/new\/?page_id=161"},"modified":"2025-04-28T09:23:17","modified_gmt":"2025-04-28T07:23:17","slug":"apartamentos-logrono","status":"publish","type":"page","link":"https:\/\/astonrentals.com\/new\/alojamientos\/apartamentos-logrono\/","title":{"rendered":"Apartamentos tur\u00edsticos en Logro\u00f1o"},"content":{"rendered":"<section class=\"apartments-logrono\">\n<header>\n<h1>Apartamentos tur\u00edsticos en Logro\u00f1o<\/h1>\n<p>Vive la esencia de La Rioja aloj\u00e1ndote en nuestros apartamentos seleccionados en Logro\u00f1o. Perfectos para escapadas de enoturismo, cultura y gastronom\u00eda.<\/p>\n<p>    <a class=\"button\" href=\"\/alojamientos\">Ver todos los apartamentos<\/a><br \/>\n  <\/header>\n<section>\n<h2>Tu estancia perfecta en la capital de La Rioja<\/h2>\n<ul>\n<li>\u2714 Alojamientos premium en el centro de Logro\u00f1o.<\/li>\n<li>\u2714 Acceso f\u00e1cil a la Calle Laurel, museos y bodegas.<\/li>\n<li>\u2714 Atenci\u00f3n personalizada antes, durante y despu\u00e9s de tu estancia.<\/li>\n<\/ul>\n<\/section>\n<section>\n<h2>Explora Logro\u00f1o y su entorno<\/h2>\n<p>Desde nuestros apartamentos podr\u00e1s descubrir la tradici\u00f3n vin\u00edcola de La Rioja, recorrer sus encantadoras calles y disfrutar de la mejor gastronom\u00eda local.<\/p>\n<p>    <a class=\"button\" href=\"\/destinos\/logrono\">Descubre Logro\u00f1o<\/a><br \/>\n  <\/section>\n<section>\n<h2>Reserva directa con Aston Rentals<\/h2>\n<p>Garantiza tu apartamento en Logro\u00f1o al mejor servicio. Sin intermediarios, sin costes ocultos y con disponibilidad inmediata.<\/p>\n<p>    <a class=\"button\" href=\"\/motor-de-reservas\">Consultar disponibilidad<\/a><br \/>\n  <\/section>\n<\/section>\n","protected":false},"excerpt":{"rendered":"<p>Apartamentos tur\u00edsticos en Logro\u00f1o Vive la esencia de La Rioja aloj\u00e1ndote en nuestros apartamentos seleccionados en Logro\u00f1o. Perfectos para escapadas de enoturismo, cultura y gastronom\u00eda. Ver todos los apartamentos Tu estancia perfecta en la capital de La Rioja \u2714 Alojamientos premium en el centro de Logro\u00f1o. \u2714 Acceso f\u00e1cil a la Calle Laurel, museos y &#8230; <a title=\"Apartamentos tur\u00edsticos en Logro\u00f1o\" class=\"read-more\" href=\"https:\/\/astonrentals.com\/new\/alojamientos\/apartamentos-logrono\/\" aria-label=\"Leer m\u00e1s sobre Apartamentos tur\u00edsticos en Logro\u00f1o\">Leer m\u00e1s<\/a><\/p>\n","protected":false},"author":1,"featured_media":0,"parent":63,"menu_order":0,"comment_status":"closed","ping_status":"closed","template":"","meta":{"footnotes":""},"class_list":["post-161","page","type-page","status-publish"],"yoast_head":"<!-- This site is optimized with the Yoast SEO plugin v25.0 - https:\/\/yoast.com\/wordpress\/plugins\/seo\/ -->\n<title>Apartamentos tur\u00edsticos en Logro\u00f1o - Aston Rentals<\/title>\n<meta name=\"description\" content=\"Disfruta de Logro\u00f1o con Aston Rentals. Apartamentos seleccionados en el coraz\u00f3n de La Rioja. Reserva directa y atenci\u00f3n personalizada.\" \/>\n<meta name=\"robots\" content=\"index, follow, max-snippet:-1, max-image-preview:large, max-video-preview:-1\" \/>\n<link rel=\"canonical\" href=\"https:\/\/astonrentals.com\/new\/alojamientos\/apartamentos-logrono\/\" \/>\n<meta property=\"og:locale\" content=\"es_ES\" \/>\n<meta property=\"og:type\" content=\"article\" \/>\n<meta property=\"og:title\" content=\"Apartamentos tur\u00edsticos en Logro\u00f1o - Aston Rentals\" \/>\n<meta property=\"og:description\" content=\"Disfruta de Logro\u00f1o con Aston Rentals. Apartamentos seleccionados en el coraz\u00f3n de La Rioja. Reserva directa y atenci\u00f3n personalizada.\" \/>\n<meta property=\"og:url\" content=\"https:\/\/astonrentals.com\/new\/alojamientos\/apartamentos-logrono\/\" \/>\n<meta property=\"og:site_name\" content=\"Aston Rentals\" \/>\n<meta property=\"article:modified_time\" content=\"2025-04-28T07:23:17+00:00\" \/>\n<meta name=\"twitter:card\" content=\"summary_large_image\" \/>\n<meta name=\"twitter:label1\" content=\"Tiempo de lectura\" \/>\n\t<meta name=\"twitter:data1\" content=\"1 minuto\" \/>\n<script type=\"application\/ld+json\" class=\"yoast-schema-graph\">{\"@context\":\"https:\/\/schema.org\",\"@graph\":[{\"@type\":\"WebPage\",\"@id\":\"https:\/\/astonrentals.com\/new\/alojamientos\/apartamentos-logrono\/\",\"url\":\"https:\/\/astonrentals.com\/new\/alojamientos\/apartamentos-logrono\/\",\"name\":\"Apartamentos tur\u00edsticos en Logro\u00f1o - Aston Rentals\",\"isPartOf\":{\"@id\":\"https:\/\/astonrentals.com\/new\/#website\"},\"datePublished\":\"2025-04-28T07:23:09+00:00\",\"dateModified\":\"2025-04-28T07:23:17+00:00\",\"description\":\"Disfruta de Logro\u00f1o con Aston Rentals. Apartamentos seleccionados en el coraz\u00f3n de La Rioja. Reserva directa y atenci\u00f3n personalizada.\",\"breadcrumb\":{\"@id\":\"https:\/\/astonrentals.com\/new\/alojamientos\/apartamentos-logrono\/#breadcrumb\"},\"inLanguage\":\"es\",\"potentialAction\":[{\"@type\":\"ReadAction\",\"target\":[\"https:\/\/astonrentals.com\/new\/alojamientos\/apartamentos-logrono\/\"]}]},{\"@type\":\"BreadcrumbList\",\"@id\":\"https:\/\/astonrentals.com\/new\/alojamientos\/apartamentos-logrono\/#breadcrumb\",\"itemListElement\":[{\"@type\":\"ListItem\",\"position\":1,\"name\":\"Home\",\"item\":\"https:\/\/astonrentals.com\/new\/\"},{\"@type\":\"ListItem\",\"position\":2,\"name\":\"Alojamientos\",\"item\":\"https:\/\/astonrentals.com\/new\/alojamientos\/\"},{\"@type\":\"ListItem\",\"position\":3,\"name\":\"Apartamentos tur\u00edsticos en Logro\u00f1o\"}]},{\"@type\":\"WebSite\",\"@id\":\"https:\/\/astonrentals.com\/new\/#website\",\"url\":\"https:\/\/astonrentals.com\/new\/\",\"name\":\"Aston Rentals\",\"description\":\"Reserva tu apartamento tur\u00edstico en Bizkaia y Gipuzkoa al mejor precio garantizado.\",\"potentialAction\":[{\"@type\":\"SearchAction\",\"target\":{\"@type\":\"EntryPoint\",\"urlTemplate\":\"https:\/\/astonrentals.com\/new\/?s={search_term_string}\"},\"query-input\":{\"@type\":\"PropertyValueSpecification\",\"valueRequired\":true,\"valueName\":\"search_term_string\"}}],\"inLanguage\":\"es\"}]}<\/script>\n<!-- \/ Yoast SEO plugin. -->","yoast_head_json":{"title":"Apartamentos tur\u00edsticos en Logro\u00f1o - Aston Rentals","description":"Disfruta de Logro\u00f1o con Aston Rentals. Apartamentos seleccionados en el coraz\u00f3n de La Rioja. Reserva directa y atenci\u00f3n personalizada.","robots":{"index":"index","follow":"follow","max-snippet":"max-snippet:-1","max-image-preview":"max-image-preview:large","max-video-preview":"max-video-preview:-1"},"canonical":"https:\/\/astonrentals.com\/new\/alojamientos\/apartamentos-logrono\/","og_locale":"es_ES","og_type":"article","og_title":"Apartamentos tur\u00edsticos en Logro\u00f1o - Aston Rentals","og_description":"Disfruta de Logro\u00f1o con Aston Rentals. Apartamentos seleccionados en el coraz\u00f3n de La Rioja. Reserva directa y atenci\u00f3n personalizada.","og_url":"https:\/\/astonrentals.com\/new\/alojamientos\/apartamentos-logrono\/","og_site_name":"Aston Rentals","article_modified_time":"2025-04-28T07:23:17+00:00","twitter_card":"summary_large_image","twitter_misc":{"Tiempo de lectura":"1 minuto"},"schema":{"@context":"https:\/\/schema.org","@graph":[{"@type":"WebPage","@id":"https:\/\/astonrentals.com\/new\/alojamientos\/apartamentos-logrono\/","url":"https:\/\/astonrentals.com\/new\/alojamientos\/apartamentos-logrono\/","name":"Apartamentos tur\u00edsticos en Logro\u00f1o - Aston Rentals","isPartOf":{"@id":"https:\/\/astonrentals.com\/new\/#website"},"datePublished":"2025-04-28T07:23:09+00:00","dateModified":"2025-04-28T07:23:17+00:00","description":"Disfruta de Logro\u00f1o con Aston Rentals. Apartamentos seleccionados en el coraz\u00f3n de La Rioja. Reserva directa y atenci\u00f3n personalizada.","breadcrumb":{"@id":"https:\/\/astonrentals.com\/new\/alojamientos\/apartamentos-logrono\/#breadcrumb"},"inLanguage":"es","potentialAction":[{"@type":"ReadAction","target":["https:\/\/astonrentals.com\/new\/alojamientos\/apartamentos-logrono\/"]}]},{"@type":"BreadcrumbList","@id":"https:\/\/astonrentals.com\/new\/alojamientos\/apartamentos-logrono\/#breadcrumb","itemListElement":[{"@type":"ListItem","position":1,"name":"Home","item":"https:\/\/astonrentals.com\/new\/"},{"@type":"ListItem","position":2,"name":"Alojamientos","item":"https:\/\/astonrentals.com\/new\/alojamientos\/"},{"@type":"ListItem","position":3,"name":"Apartamentos tur\u00edsticos en Logro\u00f1o"}]},{"@type":"WebSite","@id":"https:\/\/astonrentals.com\/new\/#website","url":"https:\/\/astonrentals.com\/new\/","name":"Aston Rentals","description":"Reserva tu apartamento tur\u00edstico en Bizkaia y Gipuzkoa al mejor precio garantizado.","potentialAction":[{"@type":"SearchAction","target":{"@type":"EntryPoint","urlTemplate":"https:\/\/astonrentals.com\/new\/?s={search_term_string}"},"query-input":{"@type":"PropertyValueSpecification","valueRequired":true,"valueName":"search_term_string"}}],"inLanguage":"es"}]}},"_links":{"self":[{"href":"https:\/\/astonrentals.com\/new\/wp-json\/wp\/v2\/pages\/161","targetHints":{"allow":["GET"]}}],"collection":[{"href":"https:\/\/astonrentals.com\/new\/wp-json\/wp\/v2\/pages"}],"about":[{"href":"https:\/\/astonrentals.com\/new\/wp-json\/wp\/v2\/types\/page"}],"author":[{"embeddable":true,"href":"https:\/\/astonrentals.com\/new\/wp-json\/wp\/v2\/users\/1"}],"replies":[{"embeddable":true,"href":"https:\/\/astonrentals.com\/new\/wp-json\/wp\/v2\/comments?post=161"}],"version-history":[{"count":1,"href":"https:\/\/astonrentals.com\/new\/wp-json\/wp\/v2\/pages\/161\/revisions"}],"predecessor-version":[{"id":162,"href":"https:\/\/astonrentals.com\/new\/wp-json\/wp\/v2\/pages\/161\/revisions\/162"}],"up":[{"embeddable":true,"href":"https:\/\/astonrentals.com\/new\/wp-json\/wp\/v2\/pages\/63"}],"wp:attachment":[{"href":"https:\/\/astonrentals.com\/new\/wp-json\/wp\/v2\/media?parent=161"}],"curies":[{"name":"wp","href":"https:\/\/api.w.org\/{rel}","templated":true}]}}