{"id":157,"date":"2025-04-28T09:20:14","date_gmt":"2025-04-28T07:20:14","guid":{"rendered":"https:\/\/astonrentals.com\/new\/?page_id=157"},"modified":"2025-04-28T09:24:08","modified_gmt":"2025-04-28T07:24:08","slug":"apartamentos-bakio","status":"publish","type":"page","link":"https:\/\/astonrentals.com\/new\/alojamientos\/apartamentos-bakio\/","title":{"rendered":"Apartamentos Bakio"},"content":{"rendered":"<section class=\"apartments-bakio\">\n<header>\n<h1>Apartamentos tur\u00edsticos en Bakio<\/h1>\n<p>Sum\u00e9rgete en el para\u00edso costero de Bakio con nuestros apartamentos tur\u00edsticos premium. Perfectos para escapadas de playa y surf.<\/p>\n<p>    <a class=\"button\" href=\"\/alojamientos\">Ver todos los apartamentos<\/a><br \/>\n  <\/header>\n<section>\n<h2>Descubre Bakio: surf, playa y naturaleza<\/h2>\n<ul>\n<li>\u2714 Apartamentos cerca de la playa de Bakio, ideal para surfistas y familias.<\/li>\n<li>\u2714 A pocos minutos de San Juan de Gaztelugatxe, icono del Pa\u00eds Vasco.<\/li>\n<li>\u2714 Atenci\u00f3n local personalizada durante toda tu estancia.<\/li>\n<\/ul>\n<\/section>\n<section>\n<h2>Experiencias inolvidables en Bakio<\/h2>\n<p>Desde rutas de senderismo hasta catas de txakoli, Bakio ofrece una mezcla \u00fanica de naturaleza, cultura y tradici\u00f3n. Con Aston Rentals, vivir\u00e1s la aut\u00e9ntica Bakio.<\/p>\n<p>    <a class=\"button\" href=\"\/destinos\/bakio\">Descubre Bakio<\/a><br \/>\n  <\/section>\n<section>\n<h2>Reserva ahora tu alojamiento en Bakio<\/h2>\n<p>Elige tu apartamento en Bakio con Aston Rentals. Reserva directa, sin comisiones de intermediarios, y la mejor atenci\u00f3n local.<\/p>\n<p>    <a class=\"button\" href=\"\/motor-de-reservas\">Consultar disponibilidad<\/a><br \/>\n  <\/section>\n<\/section>\n","protected":false},"excerpt":{"rendered":"<p>Apartamentos tur\u00edsticos en Bakio Sum\u00e9rgete en el para\u00edso costero de Bakio con nuestros apartamentos tur\u00edsticos premium. Perfectos para escapadas de playa y surf. Ver todos los apartamentos Descubre Bakio: surf, playa y naturaleza \u2714 Apartamentos cerca de la playa de Bakio, ideal para surfistas y familias. \u2714 A pocos minutos de San Juan de Gaztelugatxe, &#8230; <a title=\"Apartamentos Bakio\" class=\"read-more\" href=\"https:\/\/astonrentals.com\/new\/alojamientos\/apartamentos-bakio\/\" aria-label=\"Leer m\u00e1s sobre Apartamentos Bakio\">Leer m\u00e1s<\/a><\/p>\n","protected":false},"author":1,"featured_media":0,"parent":63,"menu_order":31,"comment_status":"closed","ping_status":"closed","template":"","meta":{"footnotes":""},"class_list":["post-157","page","type-page","status-publish"],"yoast_head":"<!-- This site is optimized with the Yoast SEO plugin v25.0 - https:\/\/yoast.com\/wordpress\/plugins\/seo\/ -->\n<title>Apartamentos tur\u00edsticos en Bakio | Aston Rentals<\/title>\n<meta name=\"description\" content=\"Alojamientos premium en Bakio: disfruta de la playa, el surf y San Juan de Gaztelugatxe. Reserva directa con Aston Rentals.\" \/>\n<meta name=\"robots\" content=\"index, follow, max-snippet:-1, max-image-preview:large, max-video-preview:-1\" \/>\n<link rel=\"canonical\" href=\"https:\/\/astonrentals.com\/new\/alojamientos\/apartamentos-bakio\/\" \/>\n<meta property=\"og:locale\" content=\"es_ES\" \/>\n<meta property=\"og:type\" content=\"article\" \/>\n<meta property=\"og:title\" content=\"Apartamentos tur\u00edsticos en Bakio | Aston Rentals\" \/>\n<meta property=\"og:description\" content=\"Alojamientos premium en Bakio: disfruta de la playa, el surf y San Juan de Gaztelugatxe. Reserva directa con Aston Rentals.\" \/>\n<meta property=\"og:url\" content=\"https:\/\/astonrentals.com\/new\/alojamientos\/apartamentos-bakio\/\" \/>\n<meta property=\"og:site_name\" content=\"Aston Rentals\" \/>\n<meta property=\"article:modified_time\" content=\"2025-04-28T07:24:08+00:00\" \/>\n<meta name=\"twitter:card\" content=\"summary_large_image\" \/>\n<meta name=\"twitter:label1\" content=\"Tiempo de lectura\" \/>\n\t<meta name=\"twitter:data1\" content=\"1 minuto\" \/>\n<script type=\"application\/ld+json\" class=\"yoast-schema-graph\">{\"@context\":\"https:\/\/schema.org\",\"@graph\":[{\"@type\":\"WebPage\",\"@id\":\"https:\/\/astonrentals.com\/new\/alojamientos\/apartamentos-bakio\/\",\"url\":\"https:\/\/astonrentals.com\/new\/alojamientos\/apartamentos-bakio\/\",\"name\":\"Apartamentos tur\u00edsticos en Bakio | Aston Rentals\",\"isPartOf\":{\"@id\":\"https:\/\/astonrentals.com\/new\/#website\"},\"datePublished\":\"2025-04-28T07:20:14+00:00\",\"dateModified\":\"2025-04-28T07:24:08+00:00\",\"description\":\"Alojamientos premium en Bakio: disfruta de la playa, el surf y San Juan de Gaztelugatxe. Reserva directa con Aston Rentals.\",\"breadcrumb\":{\"@id\":\"https:\/\/astonrentals.com\/new\/alojamientos\/apartamentos-bakio\/#breadcrumb\"},\"inLanguage\":\"es\",\"potentialAction\":[{\"@type\":\"ReadAction\",\"target\":[\"https:\/\/astonrentals.com\/new\/alojamientos\/apartamentos-bakio\/\"]}]},{\"@type\":\"BreadcrumbList\",\"@id\":\"https:\/\/astonrentals.com\/new\/alojamientos\/apartamentos-bakio\/#breadcrumb\",\"itemListElement\":[{\"@type\":\"ListItem\",\"position\":1,\"name\":\"Home\",\"item\":\"https:\/\/astonrentals.com\/new\/\"},{\"@type\":\"ListItem\",\"position\":2,\"name\":\"Alojamientos\",\"item\":\"https:\/\/astonrentals.com\/new\/alojamientos\/\"},{\"@type\":\"ListItem\",\"position\":3,\"name\":\"Apartamentos Bakio\"}]},{\"@type\":\"WebSite\",\"@id\":\"https:\/\/astonrentals.com\/new\/#website\",\"url\":\"https:\/\/astonrentals.com\/new\/\",\"name\":\"Aston Rentals\",\"description\":\"Reserva tu apartamento tur\u00edstico en Bizkaia y Gipuzkoa al mejor precio garantizado.\",\"potentialAction\":[{\"@type\":\"SearchAction\",\"target\":{\"@type\":\"EntryPoint\",\"urlTemplate\":\"https:\/\/astonrentals.com\/new\/?s={search_term_string}\"},\"query-input\":{\"@type\":\"PropertyValueSpecification\",\"valueRequired\":true,\"valueName\":\"search_term_string\"}}],\"inLanguage\":\"es\"}]}<\/script>\n<!-- \/ Yoast SEO plugin. -->","yoast_head_json":{"title":"Apartamentos tur\u00edsticos en Bakio | Aston Rentals","description":"Alojamientos premium en Bakio: disfruta de la playa, el surf y San Juan de Gaztelugatxe. Reserva directa con Aston Rentals.","robots":{"index":"index","follow":"follow","max-snippet":"max-snippet:-1","max-image-preview":"max-image-preview:large","max-video-preview":"max-video-preview:-1"},"canonical":"https:\/\/astonrentals.com\/new\/alojamientos\/apartamentos-bakio\/","og_locale":"es_ES","og_type":"article","og_title":"Apartamentos tur\u00edsticos en Bakio | Aston Rentals","og_description":"Alojamientos premium en Bakio: disfruta de la playa, el surf y San Juan de Gaztelugatxe. Reserva directa con Aston Rentals.","og_url":"https:\/\/astonrentals.com\/new\/alojamientos\/apartamentos-bakio\/","og_site_name":"Aston Rentals","article_modified_time":"2025-04-28T07:24:08+00:00","twitter_card":"summary_large_image","twitter_misc":{"Tiempo de lectura":"1 minuto"},"schema":{"@context":"https:\/\/schema.org","@graph":[{"@type":"WebPage","@id":"https:\/\/astonrentals.com\/new\/alojamientos\/apartamentos-bakio\/","url":"https:\/\/astonrentals.com\/new\/alojamientos\/apartamentos-bakio\/","name":"Apartamentos tur\u00edsticos en Bakio | Aston Rentals","isPartOf":{"@id":"https:\/\/astonrentals.com\/new\/#website"},"datePublished":"2025-04-28T07:20:14+00:00","dateModified":"2025-04-28T07:24:08+00:00","description":"Alojamientos premium en Bakio: disfruta de la playa, el surf y San Juan de Gaztelugatxe. Reserva directa con Aston Rentals.","breadcrumb":{"@id":"https:\/\/astonrentals.com\/new\/alojamientos\/apartamentos-bakio\/#breadcrumb"},"inLanguage":"es","potentialAction":[{"@type":"ReadAction","target":["https:\/\/astonrentals.com\/new\/alojamientos\/apartamentos-bakio\/"]}]},{"@type":"BreadcrumbList","@id":"https:\/\/astonrentals.com\/new\/alojamientos\/apartamentos-bakio\/#breadcrumb","itemListElement":[{"@type":"ListItem","position":1,"name":"Home","item":"https:\/\/astonrentals.com\/new\/"},{"@type":"ListItem","position":2,"name":"Alojamientos","item":"https:\/\/astonrentals.com\/new\/alojamientos\/"},{"@type":"ListItem","position":3,"name":"Apartamentos Bakio"}]},{"@type":"WebSite","@id":"https:\/\/astonrentals.com\/new\/#website","url":"https:\/\/astonrentals.com\/new\/","name":"Aston Rentals","description":"Reserva tu apartamento tur\u00edstico en Bizkaia y Gipuzkoa al mejor precio garantizado.","potentialAction":[{"@type":"SearchAction","target":{"@type":"EntryPoint","urlTemplate":"https:\/\/astonrentals.com\/new\/?s={search_term_string}"},"query-input":{"@type":"PropertyValueSpecification","valueRequired":true,"valueName":"search_term_string"}}],"inLanguage":"es"}]}},"_links":{"self":[{"href":"https:\/\/astonrentals.com\/new\/wp-json\/wp\/v2\/pages\/157","targetHints":{"allow":["GET"]}}],"collection":[{"href":"https:\/\/astonrentals.com\/new\/wp-json\/wp\/v2\/pages"}],"about":[{"href":"https:\/\/astonrentals.com\/new\/wp-json\/wp\/v2\/types\/page"}],"author":[{"embeddable":true,"href":"https:\/\/astonrentals.com\/new\/wp-json\/wp\/v2\/users\/1"}],"replies":[{"embeddable":true,"href":"https:\/\/astonrentals.com\/new\/wp-json\/wp\/v2\/comments?post=157"}],"version-history":[{"count":2,"href":"https:\/\/astonrentals.com\/new\/wp-json\/wp\/v2\/pages\/157\/revisions"}],"predecessor-version":[{"id":163,"href":"https:\/\/astonrentals.com\/new\/wp-json\/wp\/v2\/pages\/157\/revisions\/163"}],"up":[{"embeddable":true,"href":"https:\/\/astonrentals.com\/new\/wp-json\/wp\/v2\/pages\/63"}],"wp:attachment":[{"href":"https:\/\/astonrentals.com\/new\/wp-json\/wp\/v2\/media?parent=157"}],"curies":[{"name":"wp","href":"https:\/\/api.w.org\/{rel}","templated":true}]}}