{"id":148,"date":"2025-04-28T09:10:03","date_gmt":"2025-04-28T07:10:03","guid":{"rendered":"https:\/\/astonrentals.com\/new\/?page_id=148"},"modified":"2025-04-28T09:24:37","modified_gmt":"2025-04-28T07:24:37","slug":"apartamentos-getxo","status":"publish","type":"page","link":"https:\/\/astonrentals.com\/new\/alojamientos\/apartamentos-getxo\/","title":{"rendered":"Apartamentos Getxo"},"content":{"rendered":"<section class=\"apartments-getxo\">\n<header>\n<h1>Apartamentos tur\u00edsticos en Getxo<\/h1>\n<p>Disfruta de Getxo aloj\u00e1ndote en apartamentos premium gestionados directamente por Aston Rentals. Sin comisiones, trato cercano y calidad garantizada.<\/p>\n<p>    <a class=\"button\" href=\"\/alojamientos\">Ver todos los apartamentos<\/a><br \/>\n  <\/header>\n<section>\n<h2>Tu estancia perfecta junto al mar<\/h2>\n<ul>\n<li>\u2714 Apartamentos seleccionados en las mejores zonas de Getxo: Puerto Viejo, Las Arenas, Ereaga y Algorta.<\/li>\n<li>\u2714 Vistas al mar y acceso r\u00e1pido a playas y paseos costeros.<\/li>\n<li>\u2714 Reservas directas: sin comisiones de Airbnb o Booking.<\/li>\n<li>\u2714 Servicio local de atenci\u00f3n al cliente 24h.<\/li>\n<\/ul>\n<\/section>\n<section>\n<h2>Vive Getxo como un local<\/h2>\n<p>Getxo ofrece una combinaci\u00f3n \u00fanica de mar, cultura y gastronom\u00eda. Pasea por su puerto pesquero, descubre sus palacetes hist\u00f3ricos o disfruta de la mejor cocina vasca en sus restaurantes. Desde nuestros alojamientos tendr\u00e1s todo a mano para una estancia inolvidable.<\/p>\n<p>    <a class=\"button\" href=\"\/destinos\/getxo\">Descubre Getxo<\/a><br \/>\n  <\/section>\n<section>\n<h2>Selecciona tu apartamento ideal<\/h2>\n<p>Explora nuestra oferta de apartamentos tur\u00edsticos en Getxo. Perfectos para vacaciones familiares, escapadas rom\u00e1nticas o estancias de trabajo en un entorno privilegiado.<\/p>\n<p>    <a class=\"button\" href=\"\/motor-de-reservas\">Buscar disponibilidad<\/a><br \/>\n  <\/section>\n<\/section>\n","protected":false},"excerpt":{"rendered":"<p>Apartamentos tur\u00edsticos en Getxo Disfruta de Getxo aloj\u00e1ndote en apartamentos premium gestionados directamente por Aston Rentals. Sin comisiones, trato cercano y calidad garantizada. Ver todos los apartamentos Tu estancia perfecta junto al mar \u2714 Apartamentos seleccionados en las mejores zonas de Getxo: Puerto Viejo, Las Arenas, Ereaga y Algorta. \u2714 Vistas al mar y acceso &#8230; <a title=\"Apartamentos Getxo\" class=\"read-more\" href=\"https:\/\/astonrentals.com\/new\/alojamientos\/apartamentos-getxo\/\" aria-label=\"Leer m\u00e1s sobre Apartamentos Getxo\">Leer m\u00e1s<\/a><\/p>\n","protected":false},"author":1,"featured_media":0,"parent":63,"menu_order":34,"comment_status":"closed","ping_status":"closed","template":"","meta":{"footnotes":""},"class_list":["post-148","page","type-page","status-publish"],"yoast_head":"<!-- This site is optimized with the Yoast SEO plugin v25.0 - https:\/\/yoast.com\/wordpress\/plugins\/seo\/ -->\n<title>Apartamentos tur\u00edsticos en Getxo | Aston Rentals<\/title>\n<meta name=\"description\" content=\"Descubre nuestros apartamentos tur\u00edsticos en Getxo. Alojamientos premium frente al mar, atenci\u00f3n personalizada y m\u00e1xima calidad.\" \/>\n<meta name=\"robots\" content=\"index, follow, max-snippet:-1, max-image-preview:large, max-video-preview:-1\" \/>\n<link rel=\"canonical\" href=\"https:\/\/astonrentals.com\/new\/alojamientos\/apartamentos-getxo\/\" \/>\n<meta property=\"og:locale\" content=\"es_ES\" \/>\n<meta property=\"og:type\" content=\"article\" \/>\n<meta property=\"og:title\" content=\"Apartamentos tur\u00edsticos en Getxo | Aston Rentals\" \/>\n<meta property=\"og:description\" content=\"Descubre nuestros apartamentos tur\u00edsticos en Getxo. Alojamientos premium frente al mar, atenci\u00f3n personalizada y m\u00e1xima calidad.\" \/>\n<meta property=\"og:url\" content=\"https:\/\/astonrentals.com\/new\/alojamientos\/apartamentos-getxo\/\" \/>\n<meta property=\"og:site_name\" content=\"Aston Rentals\" \/>\n<meta property=\"article:modified_time\" content=\"2025-04-28T07:24:37+00:00\" \/>\n<meta name=\"twitter:card\" content=\"summary_large_image\" \/>\n<meta name=\"twitter:label1\" content=\"Tiempo de lectura\" \/>\n\t<meta name=\"twitter:data1\" content=\"1 minuto\" \/>\n<script type=\"application\/ld+json\" class=\"yoast-schema-graph\">{\"@context\":\"https:\/\/schema.org\",\"@graph\":[{\"@type\":\"WebPage\",\"@id\":\"https:\/\/astonrentals.com\/new\/alojamientos\/apartamentos-getxo\/\",\"url\":\"https:\/\/astonrentals.com\/new\/alojamientos\/apartamentos-getxo\/\",\"name\":\"Apartamentos tur\u00edsticos en Getxo | Aston Rentals\",\"isPartOf\":{\"@id\":\"https:\/\/astonrentals.com\/new\/#website\"},\"datePublished\":\"2025-04-28T07:10:03+00:00\",\"dateModified\":\"2025-04-28T07:24:37+00:00\",\"description\":\"Descubre nuestros apartamentos tur\u00edsticos en Getxo. Alojamientos premium frente al mar, atenci\u00f3n personalizada y m\u00e1xima calidad.\",\"breadcrumb\":{\"@id\":\"https:\/\/astonrentals.com\/new\/alojamientos\/apartamentos-getxo\/#breadcrumb\"},\"inLanguage\":\"es\",\"potentialAction\":[{\"@type\":\"ReadAction\",\"target\":[\"https:\/\/astonrentals.com\/new\/alojamientos\/apartamentos-getxo\/\"]}]},{\"@type\":\"BreadcrumbList\",\"@id\":\"https:\/\/astonrentals.com\/new\/alojamientos\/apartamentos-getxo\/#breadcrumb\",\"itemListElement\":[{\"@type\":\"ListItem\",\"position\":1,\"name\":\"Home\",\"item\":\"https:\/\/astonrentals.com\/new\/\"},{\"@type\":\"ListItem\",\"position\":2,\"name\":\"Alojamientos\",\"item\":\"https:\/\/astonrentals.com\/new\/alojamientos\/\"},{\"@type\":\"ListItem\",\"position\":3,\"name\":\"Apartamentos Getxo\"}]},{\"@type\":\"WebSite\",\"@id\":\"https:\/\/astonrentals.com\/new\/#website\",\"url\":\"https:\/\/astonrentals.com\/new\/\",\"name\":\"Aston Rentals\",\"description\":\"Reserva tu apartamento tur\u00edstico en Bizkaia y Gipuzkoa al mejor precio garantizado.\",\"potentialAction\":[{\"@type\":\"SearchAction\",\"target\":{\"@type\":\"EntryPoint\",\"urlTemplate\":\"https:\/\/astonrentals.com\/new\/?s={search_term_string}\"},\"query-input\":{\"@type\":\"PropertyValueSpecification\",\"valueRequired\":true,\"valueName\":\"search_term_string\"}}],\"inLanguage\":\"es\"}]}<\/script>\n<!-- \/ Yoast SEO plugin. -->","yoast_head_json":{"title":"Apartamentos tur\u00edsticos en Getxo | Aston Rentals","description":"Descubre nuestros apartamentos tur\u00edsticos en Getxo. Alojamientos premium frente al mar, atenci\u00f3n personalizada y m\u00e1xima calidad.","robots":{"index":"index","follow":"follow","max-snippet":"max-snippet:-1","max-image-preview":"max-image-preview:large","max-video-preview":"max-video-preview:-1"},"canonical":"https:\/\/astonrentals.com\/new\/alojamientos\/apartamentos-getxo\/","og_locale":"es_ES","og_type":"article","og_title":"Apartamentos tur\u00edsticos en Getxo | Aston Rentals","og_description":"Descubre nuestros apartamentos tur\u00edsticos en Getxo. Alojamientos premium frente al mar, atenci\u00f3n personalizada y m\u00e1xima calidad.","og_url":"https:\/\/astonrentals.com\/new\/alojamientos\/apartamentos-getxo\/","og_site_name":"Aston Rentals","article_modified_time":"2025-04-28T07:24:37+00:00","twitter_card":"summary_large_image","twitter_misc":{"Tiempo de lectura":"1 minuto"},"schema":{"@context":"https:\/\/schema.org","@graph":[{"@type":"WebPage","@id":"https:\/\/astonrentals.com\/new\/alojamientos\/apartamentos-getxo\/","url":"https:\/\/astonrentals.com\/new\/alojamientos\/apartamentos-getxo\/","name":"Apartamentos tur\u00edsticos en Getxo | Aston Rentals","isPartOf":{"@id":"https:\/\/astonrentals.com\/new\/#website"},"datePublished":"2025-04-28T07:10:03+00:00","dateModified":"2025-04-28T07:24:37+00:00","description":"Descubre nuestros apartamentos tur\u00edsticos en Getxo. Alojamientos premium frente al mar, atenci\u00f3n personalizada y m\u00e1xima calidad.","breadcrumb":{"@id":"https:\/\/astonrentals.com\/new\/alojamientos\/apartamentos-getxo\/#breadcrumb"},"inLanguage":"es","potentialAction":[{"@type":"ReadAction","target":["https:\/\/astonrentals.com\/new\/alojamientos\/apartamentos-getxo\/"]}]},{"@type":"BreadcrumbList","@id":"https:\/\/astonrentals.com\/new\/alojamientos\/apartamentos-getxo\/#breadcrumb","itemListElement":[{"@type":"ListItem","position":1,"name":"Home","item":"https:\/\/astonrentals.com\/new\/"},{"@type":"ListItem","position":2,"name":"Alojamientos","item":"https:\/\/astonrentals.com\/new\/alojamientos\/"},{"@type":"ListItem","position":3,"name":"Apartamentos Getxo"}]},{"@type":"WebSite","@id":"https:\/\/astonrentals.com\/new\/#website","url":"https:\/\/astonrentals.com\/new\/","name":"Aston Rentals","description":"Reserva tu apartamento tur\u00edstico en Bizkaia y Gipuzkoa al mejor precio garantizado.","potentialAction":[{"@type":"SearchAction","target":{"@type":"EntryPoint","urlTemplate":"https:\/\/astonrentals.com\/new\/?s={search_term_string}"},"query-input":{"@type":"PropertyValueSpecification","valueRequired":true,"valueName":"search_term_string"}}],"inLanguage":"es"}]}},"_links":{"self":[{"href":"https:\/\/astonrentals.com\/new\/wp-json\/wp\/v2\/pages\/148","targetHints":{"allow":["GET"]}}],"collection":[{"href":"https:\/\/astonrentals.com\/new\/wp-json\/wp\/v2\/pages"}],"about":[{"href":"https:\/\/astonrentals.com\/new\/wp-json\/wp\/v2\/types\/page"}],"author":[{"embeddable":true,"href":"https:\/\/astonrentals.com\/new\/wp-json\/wp\/v2\/users\/1"}],"replies":[{"embeddable":true,"href":"https:\/\/astonrentals.com\/new\/wp-json\/wp\/v2\/comments?post=148"}],"version-history":[{"count":2,"href":"https:\/\/astonrentals.com\/new\/wp-json\/wp\/v2\/pages\/148\/revisions"}],"predecessor-version":[{"id":166,"href":"https:\/\/astonrentals.com\/new\/wp-json\/wp\/v2\/pages\/148\/revisions\/166"}],"up":[{"embeddable":true,"href":"https:\/\/astonrentals.com\/new\/wp-json\/wp\/v2\/pages\/63"}],"wp:attachment":[{"href":"https:\/\/astonrentals.com\/new\/wp-json\/wp\/v2\/media?parent=148"}],"curies":[{"name":"wp","href":"https:\/\/api.w.org\/{rel}","templated":true}]}}