{"id":107,"date":"2025-04-27T16:47:49","date_gmt":"2025-04-27T14:47:49","guid":{"rendered":"https:\/\/astonrentals.com\/new\/?page_id=107"},"modified":"2025-04-27T17:27:31","modified_gmt":"2025-04-27T15:27:31","slug":"getxo","status":"publish","type":"page","link":"https:\/\/astonrentals.com\/new\/destinos\/getxo\/","title":{"rendered":"Getxo"},"content":{"rendered":"<p><span style=\"font-family: inherit; font-size: 36px; font-style: inherit;\">Apartamentos tur\u00edsticos en Getxo<br \/>\n<\/span><\/p>\n<header>Disfruta de la costa vasca aloj\u00e1ndote en Getxo con Aston Rentals. Apartamentos junto al mar, reservas directas sin comisiones y atenci\u00f3n personalizada para que vivas una experiencia \u00fanica.<\/p>\n<p><a class=\"button\" href=\"\/alojamientos\">Buscar alojamiento en Getxo<\/a><\/p>\n<\/header>\n<section>\n<h2>Getxo: playas, gastronom\u00eda y encanto costero<\/h2>\n<p>Getxo es uno de los destinos m\u00e1s exclusivos y atractivos de Bizkaia. Con playas magn\u00edficas, paseos mar\u00edtimos, el famoso Puente Colgante (Patrimonio de la Humanidad) y una oferta cultural y gastron\u00f3mica vibrante.<\/p>\n<\/section>\n<section>\n<h2>\u00bfPor qu\u00e9 reservar tu alojamiento en Getxo con Aston Rentals?<\/h2>\n<ul>\n<li>\u2714 Apartamentos seleccionados cerca de las playas y el puerto deportivo<\/li>\n<li>\u2714 Entorno seguro, familiar y lleno de servicios<\/li>\n<li>\u2714 Atenci\u00f3n local personalizada y recomendaciones exclusivas<\/li>\n<li>\u2714 Cancelaci\u00f3n flexible y precios directos, sin intermediarios<\/li>\n<\/ul>\n<\/section>\n<section>\n<h2>Qu\u00e9 hacer en Getxo<\/h2>\n<ul>\n<li><strong>Playa de Ereaga<\/strong> y <strong>Playa de Arrigunaga<\/strong> para disfrutar del sol y el mar<\/li>\n<li><strong>Puerto Viejo de Algorta<\/strong> y su ambiente tradicional<\/li>\n<li><strong>Puente Bizkaia<\/strong> (Puente Colgante), s\u00edmbolo de la ingenier\u00eda mundial<\/li>\n<li><strong>Rutas en bici y senderismo<\/strong> por los acantilados de La Galea<\/li>\n<li><strong>Restaurantes y pintxos<\/strong> de primer nivel en todo el municipio<\/li>\n<\/ul>\n<\/section>\n<section>\n<h2>Reserva tu apartamento en Getxo hoy mismo<\/h2>\n<p>Descubre el lado m\u00e1s elegante de la costa vasca. Con Aston Rentals aseguras tu estancia ideal en Getxo, con toda la comodidad y cercan\u00eda que buscas.<\/p>\n<p><a class=\"button\" href=\"\/alojamientos\">Ver apartamentos en Getxo<\/a><\/p>\n<\/section>\n","protected":false},"excerpt":{"rendered":"<p>Apartamentos tur\u00edsticos en Getxo Disfruta de la costa vasca aloj\u00e1ndote en Getxo con Aston Rentals. Apartamentos junto al mar, reservas directas sin comisiones y atenci\u00f3n personalizada para que vivas una experiencia \u00fanica. Buscar alojamiento en Getxo Getxo: playas, gastronom\u00eda y encanto costero Getxo es uno de los destinos m\u00e1s exclusivos y atractivos de Bizkaia. Con &#8230; <a title=\"Getxo\" class=\"read-more\" href=\"https:\/\/astonrentals.com\/new\/destinos\/getxo\/\" aria-label=\"Leer m\u00e1s sobre Getxo\">Leer m\u00e1s<\/a><\/p>\n","protected":false},"author":1,"featured_media":0,"parent":66,"menu_order":24,"comment_status":"closed","ping_status":"closed","template":"","meta":{"footnotes":""},"class_list":["post-107","page","type-page","status-publish"],"yoast_head":"<!-- This site is optimized with the Yoast SEO plugin v25.0 - https:\/\/yoast.com\/wordpress\/plugins\/seo\/ -->\n<title>Aston Rentals | Apartamentos tur\u00edsticos en Getxo<\/title>\n<meta name=\"description\" content=\"Reserva tu apartamento tur\u00edstico en Getxo con Aston Rentals. Vive la costa vasca con alojamientos junto al mar y atenci\u00f3n personalizada.\" \/>\n<meta name=\"robots\" content=\"index, follow, max-snippet:-1, max-image-preview:large, max-video-preview:-1\" \/>\n<link rel=\"canonical\" href=\"https:\/\/astonrentals.com\/new\/destinos\/getxo\/\" \/>\n<meta property=\"og:locale\" content=\"es_ES\" \/>\n<meta property=\"og:type\" content=\"article\" \/>\n<meta property=\"og:title\" content=\"Aston Rentals | Apartamentos tur\u00edsticos en Getxo\" \/>\n<meta property=\"og:description\" content=\"Reserva tu apartamento tur\u00edstico en Getxo con Aston Rentals. Vive la costa vasca con alojamientos junto al mar y atenci\u00f3n personalizada.\" \/>\n<meta property=\"og:url\" content=\"https:\/\/astonrentals.com\/new\/destinos\/getxo\/\" \/>\n<meta property=\"og:site_name\" content=\"Aston Rentals\" \/>\n<meta property=\"article:modified_time\" content=\"2025-04-27T15:27:31+00:00\" \/>\n<meta name=\"twitter:card\" content=\"summary_large_image\" \/>\n<meta name=\"twitter:label1\" content=\"Tiempo de lectura\" \/>\n\t<meta name=\"twitter:data1\" content=\"1 minuto\" \/>\n<script type=\"application\/ld+json\" class=\"yoast-schema-graph\">{\"@context\":\"https:\/\/schema.org\",\"@graph\":[{\"@type\":\"WebPage\",\"@id\":\"https:\/\/astonrentals.com\/new\/destinos\/getxo\/\",\"url\":\"https:\/\/astonrentals.com\/new\/destinos\/getxo\/\",\"name\":\"Aston Rentals | Apartamentos tur\u00edsticos en Getxo\",\"isPartOf\":{\"@id\":\"https:\/\/astonrentals.com\/new\/#website\"},\"datePublished\":\"2025-04-27T14:47:49+00:00\",\"dateModified\":\"2025-04-27T15:27:31+00:00\",\"description\":\"Reserva tu apartamento tur\u00edstico en Getxo con Aston Rentals. Vive la costa vasca con alojamientos junto al mar y atenci\u00f3n personalizada.\",\"breadcrumb\":{\"@id\":\"https:\/\/astonrentals.com\/new\/destinos\/getxo\/#breadcrumb\"},\"inLanguage\":\"es\",\"potentialAction\":[{\"@type\":\"ReadAction\",\"target\":[\"https:\/\/astonrentals.com\/new\/destinos\/getxo\/\"]}]},{\"@type\":\"BreadcrumbList\",\"@id\":\"https:\/\/astonrentals.com\/new\/destinos\/getxo\/#breadcrumb\",\"itemListElement\":[{\"@type\":\"ListItem\",\"position\":1,\"name\":\"Home\",\"item\":\"https:\/\/astonrentals.com\/new\/\"},{\"@type\":\"ListItem\",\"position\":2,\"name\":\"Destinos\",\"item\":\"https:\/\/astonrentals.com\/new\/destinos\/\"},{\"@type\":\"ListItem\",\"position\":3,\"name\":\"Getxo\"}]},{\"@type\":\"WebSite\",\"@id\":\"https:\/\/astonrentals.com\/new\/#website\",\"url\":\"https:\/\/astonrentals.com\/new\/\",\"name\":\"Aston Rentals\",\"description\":\"Reserva tu apartamento tur\u00edstico en Bizkaia y Gipuzkoa al mejor precio garantizado.\",\"potentialAction\":[{\"@type\":\"SearchAction\",\"target\":{\"@type\":\"EntryPoint\",\"urlTemplate\":\"https:\/\/astonrentals.com\/new\/?s={search_term_string}\"},\"query-input\":{\"@type\":\"PropertyValueSpecification\",\"valueRequired\":true,\"valueName\":\"search_term_string\"}}],\"inLanguage\":\"es\"}]}<\/script>\n<!-- \/ Yoast SEO plugin. -->","yoast_head_json":{"title":"Aston Rentals | Apartamentos tur\u00edsticos en Getxo","description":"Reserva tu apartamento tur\u00edstico en Getxo con Aston Rentals. Vive la costa vasca con alojamientos junto al mar y atenci\u00f3n personalizada.","robots":{"index":"index","follow":"follow","max-snippet":"max-snippet:-1","max-image-preview":"max-image-preview:large","max-video-preview":"max-video-preview:-1"},"canonical":"https:\/\/astonrentals.com\/new\/destinos\/getxo\/","og_locale":"es_ES","og_type":"article","og_title":"Aston Rentals | Apartamentos tur\u00edsticos en Getxo","og_description":"Reserva tu apartamento tur\u00edstico en Getxo con Aston Rentals. Vive la costa vasca con alojamientos junto al mar y atenci\u00f3n personalizada.","og_url":"https:\/\/astonrentals.com\/new\/destinos\/getxo\/","og_site_name":"Aston Rentals","article_modified_time":"2025-04-27T15:27:31+00:00","twitter_card":"summary_large_image","twitter_misc":{"Tiempo de lectura":"1 minuto"},"schema":{"@context":"https:\/\/schema.org","@graph":[{"@type":"WebPage","@id":"https:\/\/astonrentals.com\/new\/destinos\/getxo\/","url":"https:\/\/astonrentals.com\/new\/destinos\/getxo\/","name":"Aston Rentals | Apartamentos tur\u00edsticos en Getxo","isPartOf":{"@id":"https:\/\/astonrentals.com\/new\/#website"},"datePublished":"2025-04-27T14:47:49+00:00","dateModified":"2025-04-27T15:27:31+00:00","description":"Reserva tu apartamento tur\u00edstico en Getxo con Aston Rentals. Vive la costa vasca con alojamientos junto al mar y atenci\u00f3n personalizada.","breadcrumb":{"@id":"https:\/\/astonrentals.com\/new\/destinos\/getxo\/#breadcrumb"},"inLanguage":"es","potentialAction":[{"@type":"ReadAction","target":["https:\/\/astonrentals.com\/new\/destinos\/getxo\/"]}]},{"@type":"BreadcrumbList","@id":"https:\/\/astonrentals.com\/new\/destinos\/getxo\/#breadcrumb","itemListElement":[{"@type":"ListItem","position":1,"name":"Home","item":"https:\/\/astonrentals.com\/new\/"},{"@type":"ListItem","position":2,"name":"Destinos","item":"https:\/\/astonrentals.com\/new\/destinos\/"},{"@type":"ListItem","position":3,"name":"Getxo"}]},{"@type":"WebSite","@id":"https:\/\/astonrentals.com\/new\/#website","url":"https:\/\/astonrentals.com\/new\/","name":"Aston Rentals","description":"Reserva tu apartamento tur\u00edstico en Bizkaia y Gipuzkoa al mejor precio garantizado.","potentialAction":[{"@type":"SearchAction","target":{"@type":"EntryPoint","urlTemplate":"https:\/\/astonrentals.com\/new\/?s={search_term_string}"},"query-input":{"@type":"PropertyValueSpecification","valueRequired":true,"valueName":"search_term_string"}}],"inLanguage":"es"}]}},"_links":{"self":[{"href":"https:\/\/astonrentals.com\/new\/wp-json\/wp\/v2\/pages\/107","targetHints":{"allow":["GET"]}}],"collection":[{"href":"https:\/\/astonrentals.com\/new\/wp-json\/wp\/v2\/pages"}],"about":[{"href":"https:\/\/astonrentals.com\/new\/wp-json\/wp\/v2\/types\/page"}],"author":[{"embeddable":true,"href":"https:\/\/astonrentals.com\/new\/wp-json\/wp\/v2\/users\/1"}],"replies":[{"embeddable":true,"href":"https:\/\/astonrentals.com\/new\/wp-json\/wp\/v2\/comments?post=107"}],"version-history":[{"count":1,"href":"https:\/\/astonrentals.com\/new\/wp-json\/wp\/v2\/pages\/107\/revisions"}],"predecessor-version":[{"id":108,"href":"https:\/\/astonrentals.com\/new\/wp-json\/wp\/v2\/pages\/107\/revisions\/108"}],"up":[{"embeddable":true,"href":"https:\/\/astonrentals.com\/new\/wp-json\/wp\/v2\/pages\/66"}],"wp:attachment":[{"href":"https:\/\/astonrentals.com\/new\/wp-json\/wp\/v2\/media?parent=107"}],"curies":[{"name":"wp","href":"https:\/\/api.w.org\/{rel}","templated":true}]}}